{"id":252937,"date":"2026-04-19T16:08:07","date_gmt":"2026-04-19T14:08:07","guid":{"rendered":"https:\/\/zahnaerztekiel.de\/?page_id=252937"},"modified":"2026-04-22T11:46:25","modified_gmt":"2026-04-22T09:46:25","slug":"zahnerhaltung-und-behandlung","status":"publish","type":"page","link":"https:\/\/zahnaerztekiel.de\/en\/zahnerhaltung-und-behandlung\/","title":{"rendered":"Zahnerhalt &amp; Behandlung Kiel | Mein Wurzelwerk"},"content":{"rendered":"<div class=\"et_pb_section_0 et_pb_section et_section_regular et_block_section et_pb_section_parallax\"><span class=\"et-pb-parallax-wrapper\"><span class=\"et-pb-parallax-background et-pb-parallax-background-module--divi-section-0\" style=\"background-image:url(https:\/\/zahnaerztekiel.de\/wp-content\/uploads\/2026\/03\/Zahnarzt-Wurzelwerk-Kiel-Behandlung.jpg)\"><\/span><\/span>\n<div class=\"et_pb_row_0 et_pb_row et_block_row\">\n<div class=\"et_pb_column_0 et_pb_column et_pb_column_4_4 et-last-child et_block_column et_pb_css_mix_blend_mode_passthrough\">\n<div class=\"et_pb_text_0 et_pb_text et_pb_bg_layout_light et_pb_module et_block_module\"><div class=\"et_pb_text_inner\"><p>Dentist Kiel<\/p>\n<\/div><\/div>\n\n<div class=\"et_pb_text_1 et_pb_text et_pb_bg_layout_light et_pb_module et_block_module\"><div class=\"et_pb_text_inner\"><h1>Zahnerhalt und Behandlung in Kiel<\/h1>\n<\/div><\/div>\n\n<div class=\"et_pb_text_2 et_pb_text et_pb_bg_layout_light et_pb_module et_block_module\"><div class=\"et_pb_text_inner\"><h2>&#8211; Tipps &#038; Wissen <\/h2>\n<\/div><\/div>\n\n<div class=\"et_pb_divider_0 et_pb_divider et_pb_space et_pb_divider_position_top et_pb_module\"><div class=\"et_pb_divider_internal\"><\/div><\/div>\n<\/div>\n<\/div>\n<\/div>\n\n<div class=\"et_pb_section_1 et_pb_section et_section_regular et_block_section\">\n<div class=\"et_pb_row_1 et_pb_row et_block_row\">\n<div class=\"et_pb_column_1 et_pb_column et_pb_column_4_4 et-last-child et_block_column et_pb_css_mix_blend_mode_passthrough\">\n<div class=\"et_pb_text_3 et_pb_text et_pb_bg_layout_light et_animated et_pb_module et_block_module\"><div class=\"et_pb_text_inner\" data-et-mv-hidden-phone=\"true\"><p>Moderne Zahnerhaltung<\/p>\n<\/div><\/div>\n\n<div class=\"et_pb_text_4 et_pb_text et_pb_bg_layout_light et_animated et_pb_module et_block_module\"><div class=\"et_pb_text_inner\"><p>Spezialisierung, langj\u00e4hrige Erfahrung &#038; moderne Technik <\/p>\n<\/div><\/div>\n\n<div class=\"et_pb_divider_1 et_pb_divider et_pb_space et_pb_divider_position_top et_pb_module\"><div class=\"et_pb_divider_internal\"><\/div><\/div>\n<\/div>\n<\/div>\n\n<div class=\"et_pb_row_2 et_pb_row et_block_row et_animated\">\n<div class=\"et_pb_column_2 et_pb_column et_pb_column_2_3 et_block_column et_pb_css_mix_blend_mode_passthrough\">\n<div class=\"et_pb_text_5 et_pb_text et_pb_bg_layout_light et_pb_module et_block_module\"><div class=\"et_pb_text_inner\">\n<p>\n    Unser Grundsatz: Jeder Zahn, der erhalten werden kann, soll erhalten werden. Das klingt selbstverst\u00e4ndlich, ist in der Praxis aber eine Frage der Spezialisierung, der Technologie und des Willens, genau hinzuschauen. In der Zahnarztpraxis Mein Wurzelwerk am Niemannsweg in Kiel sind Zahnerhaltung und Endodontie unser Kerngebiet.\n  <\/p>\n<\/div><\/div>\n<\/div>\n\n<div class=\"et_pb_column_3 et_pb_column et_pb_column_1_3 et-last-child et_block_column et_pb_css_mix_blend_mode_passthrough\">\n<div class=\"et_pb_image_0 et_pb_image et_animated et_pb_module et_block_module\"><span class=\"et_pb_image_wrap\"><img decoding=\"async\" src=\"https:\/\/zahnaerztekiel.de\/wp-content\/uploads\/2026\/04\/zahnarzt-kiel.png\" alt=\"Dentist Kiel\" title=\"Dentist Kiel\" width=\"1067\" height=\"1003\" srcset=\"https:\/\/zahnaerztekiel.de\/wp-content\/uploads\/2026\/04\/zahnarzt-kiel.png 1067w, https:\/\/zahnaerztekiel.de\/wp-content\/uploads\/2026\/04\/zahnarzt-kiel-980x921.png 980w, https:\/\/zahnaerztekiel.de\/wp-content\/uploads\/2026\/04\/zahnarzt-kiel-480x451.png 480w\" sizes=\"(min-width: 0px) and (max-width: 480px) 480px, (min-width: 481px) and (max-width: 980px) 980px, (min-width: 981px) 1067px, 100vw\" class=\"wp-image-252831\" \/><\/span><\/div>\n<\/div>\n<\/div>\n<\/div>\n\n<div class=\"et_pb_section_2 et_pb_section et_section_regular et_block_section\">\n<div class=\"et_pb_row_3 et_pb_row et_block_row\">\n<div class=\"et_pb_column_4 et_pb_column et_pb_column_4_4 et-last-child et_block_column et_pb_css_mix_blend_mode_passthrough\">\n<div class=\"et_pb_text_6 et_pb_text et_pb_bg_layout_light et_animated et_pb_module et_block_module\"><div class=\"et_pb_text_inner\"><h2>Unsere Leistungen in der Zahnerhaltung<\/h2>\n<\/div><\/div>\n\n<div class=\"et_pb_divider_2 et_pb_divider et_pb_space et_pb_divider_position_top et_pb_module\"><div class=\"et_pb_divider_internal\"><\/div><\/div>\n<\/div>\n<\/div>\n\n<div class=\"et_pb_row_4 et_pb_row et_flex_row\">\n<div class=\"et_pb_column_5 et_pb_column et_block_column et_pb_css_mix_blend_mode_passthrough et_flex_column_8_24 et_flex_column_8_24_tablet et_flex_column_24_24_phone\">\n<div class=\"et_pb_text_7 et_pb_text et_pb_bg_layout_dark et_pb_module et_block_module\"><div class=\"et_pb_text_inner\"><h3>Kiel Dental Preservation<\/h3>\n<p>F\u00fcllungstherapie, \u00dcberkappung, Stiftaufbau \u2013 wir suchen nach der schonendsten L\u00f6sung, bevor wir zu invasiveren Ma\u00dfnahmen greifen. Moderne Kompositmaterialien erm\u00f6glichen \u00e4sthetische Restaurationen, die der nat\u00fcrlichen Zahnsubstanz sehr nahe kommen.<\/p>\n<p><strong><a href=\"\/en\/kiel-dental-preservation\/\">Mehr zur Zahnerhaltung \u2192<\/a><\/strong><\/p>\n<\/div><\/div>\n<\/div>\n\n<div class=\"et_pb_column_6 et_pb_column et_block_column et_pb_css_mix_blend_mode_passthrough et_flex_column_8_24 et_flex_column_8_24_tablet et_flex_column_24_24_phone\">\n<div class=\"et_pb_text_8 et_pb_text et_pb_bg_layout_dark et_pb_module et_block_module\"><div class=\"et_pb_text_inner\"><h3>Microscopic dental preservation<\/h3>\n<p>Das Dentalmikroskop erm\u00f6glicht eine Vergr\u00f6\u00dferung, die das menschliche Auge allein nicht erreicht. Wir sehen Risse, Kan\u00e4le und Gewebever\u00e4nderungen, die ohne Mikroskop verborgen bleiben \u2013 und k\u00f6nnen entsprechend pr\u00e4ziser behandeln.<\/p>\n<p><strong><a href=\"\/en\/mikroskopische-zahnerhaltung-kiel\/\">Mehr zur Zahnerhaltung \u2192<\/a><\/strong><\/p>\n<\/div><\/div>\n<\/div>\n\n<div class=\"et_pb_column_7 et_pb_column et-last-child et_block_column et_pb_css_mix_blend_mode_passthrough et_flex_column_8_24 et_flex_column_8_24_tablet et_flex_column_24_24_phone\">\n<div class=\"et_pb_text_9 et_pb_text et_pb_bg_layout_dark et_pb_module et_block_module\"><div class=\"et_pb_text_inner\"><h3>Root canal treatment<\/h3>\n<p>Mikroskopgest\u00fctzte Endodontie auf h\u00f6chstem Niveau. Ein Zahn mit entz\u00fcndetem oder abgestorbenem Nerv muss nicht gezogen werden, mit moderner Wurzelkanalbehandlung l\u00e4sst er sich in vielen F\u00e4llen dauerhaft erhalten.<strong><\/strong><\/p>\n<p><strong><a href=\"\/en\/root-canal-treatment-kiel-2\/\">Mehr zu Wurzelkanalbehandlungen \u2192<\/a><\/strong><\/p>\n<\/div><\/div>\n<\/div>\n<\/div>\n\n<div class=\"et_pb_row_5 et_pb_row et_flex_row\">\n<div class=\"et_pb_column_8 et_pb_column et_block_column et_pb_css_mix_blend_mode_passthrough et_flex_column_12_24 et_flex_column_12_24_tablet et_flex_column_24_24_phone\">\n<div class=\"et_pb_text_10 et_pb_text et_pb_bg_layout_dark et_pb_module et_block_module\"><div class=\"et_pb_text_inner\"><h3>Periodontology Kiel<\/h3>\n<p>Parodontitis ist die h\u00e4ufigste Ursache f\u00fcr Zahnverlust im Erwachsenenalter.<br \/>Fr\u00fchzeitig behandelt ist sie gut kontrollierbar. Wir bieten systematische<br \/>Parodontaltherapie nach aktuellem Leitlinienstandard.<\/p>\n<p><strong><a href=\"\/en\/parodontologie-kiel\/\">Mehr zur Parodontologie \u2192<\/a><\/strong><\/p>\n<\/div><\/div>\n<\/div>\n\n<div class=\"et_pb_column_9 et_pb_column et-last-child et_block_column et_pb_css_mix_blend_mode_passthrough et_flex_column_12_24 et_flex_column_12_24_tablet et_flex_column_24_24_phone\">\n<div class=\"et_pb_text_11 et_pb_text et_pb_bg_layout_dark et_pb_module et_block_module\"><div class=\"et_pb_text_inner\"><h3>Zahntraumatologie Kiel<\/h3>\n<p>Zahnunf\u00e4lle erfordern sofortiges Handeln und spezialisierte Versorgung.<br \/>Dr. Christofzik ist erfahrener Spezialist f\u00fcr Zahnverletzungen und behandelt<br \/>ausgeschlagene, gebrochene und gelockerte Z\u00e4hne, mehr dazu im <strong><em><a href=\"\/en\/ndr-interview-mit-dr-david-christofzik\/\">Interview vom NDR<\/a><\/em><\/strong>.<\/p>\n<p><strong><a href=\"\/en\/traumatologie-kiel\/\">Mehr zur Zahntraumatologie \u2192<\/a><\/strong><\/p>\n<\/div><\/div>\n<\/div>\n<\/div>\n<\/div>\n\n<div class=\"et_pb_section_3 et_pb_section et_section_regular et_block_section et_animated section_has_divider et_pb_top_divider\"><div class=\"et_pb_top_inside_divider et-no-transition\"><\/div>\n<div class=\"et_pb_row_6 et_pb_row et_block_row\">\n<div class=\"et_pb_column_10 et_pb_column et_pb_column_4_4 et-last-child et_block_column et_pb_css_mix_blend_mode_passthrough\">\n<div class=\"et_pb_text_12 et_pb_text et_pb_bg_layout_light et_pb_module et_block_module\"><div class=\"et_pb_text_inner\"><h2>Aktuelle Themen<\/h2>\n<\/div><\/div>\n\n<div class=\"et_pb_divider_3 et_pb_divider et_pb_space et_pb_divider_position_top et_pb_module\"><div class=\"et_pb_divider_internal\"><\/div><\/div>\n<\/div>\n<\/div>\n<\/div>\n\n<div class=\"et_pb_section_4 et_pb_section et_section_regular et_block_section et_animated\">\n<div class=\"et_pb_row_7 et_pb_row et_flex_row\">\n<div class=\"et_pb_column_11 et_pb_column et-last-child et_block_column et_pb_css_mix_blend_mode_passthrough et_flex_column_24_24 et_flex_column_24_24_tablet et_flex_column_24_24_phone\">\n<div class=\"et_pb_text_13 et_pb_text et_pb_bg_layout_light et_pb_module et_block_module\"><div class=\"et_pb_text_inner\"><h3>Zweite Meinung vor der Extraktion<\/h3>\n<p>Sie wurden informiert, Ihr Zahn m\u00fcsse gezogen werden? Holen Sie eine zweite Meinung ein.<br \/>Nicht jeder Zahn, der verloren aussieht, ist verloren. Wir schauen genau hin und sagen Ihnen ehrlich, was m\u00f6glich ist.<\/p>\n<p><a href=\"\/en\/zahnaerztekiel-de-termin-online-buchen\/\">Jetzt Beratungstermin buchen \u2192<\/a><\/p>\n<\/div><\/div>\n<\/div>\n<\/div>\n\n<div class=\"et_pb_row_8 et_pb_row et_flex_row\">\n<div class=\"et_pb_column_12 et_pb_column et_block_column et_pb_css_mix_blend_mode_passthrough et_flex_column_12_24 et_flex_column_12_24_tablet et_flex_column_24_24_phone\">\n<div class=\"et_pb_blog_0 et_pb_blog et_pb_bg_layout_light et_pb_posts et_pb_module\"><div class=\"et_pb_ajax_pagination_container\"><div class=\"et_pb_posts et_flex_module\"><article class=\"et_pb_post et_pb_post_id_253509 clearfix et_pb_no_thumb et_pb_blog_item_0_0 post-253509 post type-post status-publish format-standard hentry category-zahnerhalt-behandlung tag-zahnschmerzen-ursachen\"><h2 class=\"entry-title\"><a href=\"https:\/\/zahnaerztekiel.de\/en\/zahnerhalt-behandlung\/ratgeber-zahnschmerzen-ursachen-symptome-was-zu-tun-ist\/\">Guide: Toothache \u2013 Causes, Symptoms &amp; What to Do<\/a><\/h2><p class=\"post-meta\"><span class=\"entry-categories\"><a href=\"https:\/\/zahnaerztekiel.de\/en\/category\/zahnerhalt-behandlung\/\" rel=\"tag\">Tooth preservation and treatment<\/a><\/span><\/p><div class=\"post-content\"><div class=\"post-content-inner\"><p>Zahnarzt Kiel Zahnschmerzen: Ursachen, Warnsignale &#038; was Sie jetzt tun sollten Zahnschmerzen geh\u00f6ren zu den unangenehmsten Schmerzen \u00fcberhaupt &#8211; und sie verschwinden selten von selbst. Im Gegenteil: Ignorierte Zahnschmerzen f\u00fchren fast immer zu gr\u00f6\u00dferen Problemen und&#8230;<\/p>\n<\/div><a href=\"https:\/\/zahnaerztekiel.de\/en\/zahnerhalt-behandlung\/ratgeber-zahnschmerzen-ursachen-symptome-was-zu-tun-ist\/\" class=\"more-link\">read more&#8230;<\/a><\/div><\/article><\/div><\/div><\/div>\n<\/div>\n\n<div class=\"et_pb_column_13 et_pb_column et-last-child et_block_column et_pb_css_mix_blend_mode_passthrough et_flex_column_12_24 et_flex_column_12_24_tablet et_flex_column_24_24_phone\">\n<div class=\"et_pb_blog_1 et_pb_blog et_pb_bg_layout_light et_pb_posts et_pb_module\"><div class=\"et_pb_ajax_pagination_container\"><div class=\"et_pb_posts et_flex_module\"><article class=\"et_pb_post et_pb_post_id_252097 clearfix et_pb_no_thumb et_pb_blog_item_1_0 post-252097 post type-post status-publish format-standard hentry category-zahnerhalt-behandlung\"><h2 class=\"entry-title\"><a href=\"https:\/\/zahnaerztekiel.de\/en\/zahnerhalt-behandlung\/zahnaerztekiel-de-zahn-abgebrochen\/\">Zahn abgebrochen: Sofortma\u00dfnahmen &amp; Behandlung | Zahnarzt Kiel<\/a><\/h2><p class=\"post-meta\"><span class=\"entry-categories\"><a href=\"https:\/\/zahnaerztekiel.de\/en\/category\/zahnerhalt-behandlung\/\" rel=\"tag\">Tooth preservation and treatment<\/a><\/span><\/p><div class=\"post-content\"><div class=\"post-content-inner\"><p>Ein abgebrochener Zahn ist kein Grund zur Sorge: Erfahren Sie, welche Sofortma\u00dfnahmen helfen und wie Ihr Zahnarzt in Kiel den Zahn professionell versorgt.<\/p>\n<\/div><a href=\"https:\/\/zahnaerztekiel.de\/en\/zahnerhalt-behandlung\/zahnaerztekiel-de-zahn-abgebrochen\/\" class=\"more-link\">read more&#8230;<\/a><\/div><\/article><\/div><\/div><\/div>\n<\/div>\n<\/div>\n\n<div class=\"et_pb_row_9 et_pb_row et_flex_row\">\n<div class=\"et_pb_column_14 et_pb_column et_block_column et_pb_css_mix_blend_mode_passthrough et_flex_column_12_24 et_flex_column_12_24_tablet et_flex_column_24_24_phone\">\n<div class=\"et_pb_blog_2 et_pb_blog et_pb_bg_layout_light et_pb_posts et_pb_module\"><div class=\"et_pb_ajax_pagination_container\"><div class=\"et_pb_posts et_flex_module\"><article class=\"et_pb_post et_pb_post_id_252118 clearfix et_pb_no_thumb et_pb_blog_item_2_0 post-252118 post type-post status-publish format-standard hentry category-zahnerhalt-behandlung\"><h2 class=\"entry-title\"><a href=\"https:\/\/zahnaerztekiel.de\/en\/zahnerhalt-behandlung\/behandlungen\/\">Why we prioritize tooth preservation over quick replacement<\/a><\/h2><p class=\"post-meta\"><span class=\"entry-categories\"><a href=\"https:\/\/zahnaerztekiel.de\/en\/category\/zahnerhalt-behandlung\/\" rel=\"tag\">Tooth preservation and treatment<\/a><\/span><\/p><div class=\"post-content\"><div class=\"post-content-inner\"><p>Erfahren Sie, wie moderne Zahnerhaltung in Kiel Ihre nat\u00fcrlichen Z\u00e4hne sch\u00fctzt und erh\u00e4lt \u2013 mit innovativen Methoden f\u00fcr langfristige Mundgesundheit und \u00c4sthetik.<\/p>\n<\/div><a href=\"https:\/\/zahnaerztekiel.de\/en\/zahnerhalt-behandlung\/behandlungen\/\" class=\"more-link\">read more&#8230;<\/a><\/div><\/article><\/div><\/div><\/div>\n<\/div>\n\n<div class=\"et_pb_column_15 et_pb_column et-last-child et_block_column et_pb_css_mix_blend_mode_passthrough et_flex_column_12_24 et_flex_column_12_24_tablet et_flex_column_24_24_phone\">\n<div class=\"et_pb_blog_3 et_pb_blog et_pb_bg_layout_light et_pb_posts et_pb_module\"><div class=\"et_pb_ajax_pagination_container\"><div class=\"et_pb_posts et_flex_module\"><article class=\"et_pb_post et_pb_post_id_252067 clearfix et_pb_blog_item_3_0 post-252067 post type-post status-publish format-standard hentry category-zahnerhalt-behandlung\"><h2 class=\"entry-title\"><a href=\"https:\/\/zahnaerztekiel.de\/en\/zahnerhalt-behandlung\/professionelle-zahnreinigung-kiel-faq\/\">Professionelle Zahnreinigung Kiel: H\u00e4ufige Fragen verst\u00e4ndlich erkl\u00e4rt<\/a><\/h2><p class=\"post-meta\"><span class=\"entry-categories\"><a href=\"https:\/\/zahnaerztekiel.de\/en\/category\/zahnerhalt-behandlung\/\" rel=\"tag\">Tooth preservation and treatment<\/a><\/span><\/p><div class=\"post-content\"><div class=\"post-content-inner\"><p>Erfahren Sie, wie eine professionelle Zahnreinigung in Kiel Ihre Z\u00e4hne sch\u00fctzt, Bel\u00e4ge entfernt und f\u00fcr ein strahlendes L\u00e4cheln sowie langfristige Mundgesundheit sorgt.<\/p>\n<\/div><a href=\"https:\/\/zahnaerztekiel.de\/en\/zahnerhalt-behandlung\/professionelle-zahnreinigung-kiel-faq\/\" class=\"more-link\">read more&#8230;<\/a><\/div><\/article><\/div><\/div><\/div>\n<\/div>\n<\/div>\n<\/div>\n\n<div class=\"et_pb_section_5 et_pb_section et_section_regular et_block_section\">\n<div class=\"et_pb_row_10 et_pb_row et_block_row\">\n<div class=\"et_pb_column_16 et_pb_column et_pb_column_4_4 et-last-child et_block_column et_pb_css_mix_blend_mode_passthrough\">\n<div class=\"et_pb_divider_4 et_pb_divider et_pb_space et_pb_divider_position_top et_pb_module\"><div class=\"et_pb_divider_internal\"><\/div><\/div>\n\n<div class=\"et_pb_text_14 et_pb_text et_pb_bg_layout_light et_pb_module et_block_module\"><div class=\"et_pb_text_inner\"><h2>Termin f\u00fcr eine Beratung oder Behandlung vereinbaren<\/h2>\n<\/div><\/div>\n<\/div>\n<\/div>\n\n<div class=\"et_pb_row_11 et_pb_row et_pb_row_1-4_3-4 et_block_row et_block_row_1-4_3-4\">\n<div class=\"et_pb_column_17 et_pb_column et_pb_column_1_4 et_block_column et_pb_css_mix_blend_mode_passthrough\">\n<div class=\"et_pb_text_15 et_pb_text et_pb_bg_layout_light et_pb_module et_block_module\"><div class=\"et_pb_text_inner\"><p>Nehmen Sie Kontakt zu uns auf &#8211; ob per Telefon, Nachricht oder bequem online. Wir k\u00fcmmern uns gerne um Ihr Anliegen und Ihre Terminw\u00fcnsche!<\/p>\n<p>&nbsp;<\/p>\n<\/div><\/div>\n\n<div class=\"et_pb_module et_pb_button_module_wrapper et_pb_button_0_wrapper\"><a class=\"et_pb_button_0 et_pb_button et_pb_bg_layout_light et_pb_module et_block_module\" href=\"https:\/\/zahnaerztekiel.de\/en\/zahnarzt-termin-online-buchen\/#buchung\" data-icon=\"\ue023\">Book an appointment online<\/a><\/div>\n\n<div class=\"et_pb_image_1 et_pb_image et_pb_module et_block_module\"><span class=\"et_pb_image_wrap\"><img decoding=\"async\" src=\"https:\/\/zahnaerztekiel.de\/wp-content\/uploads\/2026\/02\/Zahnaztpraxis-Kiel-Duesternbrook-Beste-scaled-1.jpg\" width=\"2560\" height=\"1708\" srcset=\"https:\/\/zahnaerztekiel.de\/wp-content\/uploads\/2026\/02\/Zahnaztpraxis-Kiel-Duesternbrook-Beste-scaled-1.jpg 2560w, https:\/\/zahnaerztekiel.de\/wp-content\/uploads\/2026\/02\/Zahnaztpraxis-Kiel-Duesternbrook-Beste-scaled-1-1280x854.jpg 1280w, https:\/\/zahnaerztekiel.de\/wp-content\/uploads\/2026\/02\/Zahnaztpraxis-Kiel-Duesternbrook-Beste-scaled-1-980x654.jpg 980w, https:\/\/zahnaerztekiel.de\/wp-content\/uploads\/2026\/02\/Zahnaztpraxis-Kiel-Duesternbrook-Beste-scaled-1-480x320.jpg 480w\" sizes=\"(min-width: 0px) and (max-width: 480px) 480px, (min-width: 481px) and (max-width: 980px) 980px, (min-width: 981px) and (max-width: 1280px) 1280px, (min-width: 1281px) 2560px, 100vw\" class=\"wp-image-40\" title=\"Zahnaztpraxis Kiel D\u00fcsternbrook Best\" alt=\"Zahnaztpraxis Kiel D\u00fcsternbrook Best\" \/><\/span><\/div>\n<\/div>\n\n<div class=\"et_pb_column_18 et_pb_column et_pb_column_3_4 et-last-child et_block_column et_pb_css_mix_blend_mode_passthrough\">\n<div class=\"et_pb_contact_form_0 et_pb_contact_form_container clearfix et_pb_module et_flex_module\" data-form_unique_num=\"0\" data-form_unique_id=\"7067d836e5cc6b8d0df5f1ee01accc26\" id=\"et_pb_contact_form_7067d836e5cc6b8d0df5f1ee01accc26\"><div class=\"et-pb-contact-message\"><\/div><div class=\"et_pb_contact\"><form class=\"et_pb_contact_form et_flex_module\" method=\"post\" action=\"https:\/\/zahnaerztekiel.de\/en\/wp-json\/wp\/v2\/pages\/252937\" data-trp-original-action=\"https:\/\/zahnaerztekiel.de\/en\/wp-json\/wp\/v2\/pages\/252937\">\n<div class=\"et_pb_contact_field_0 et_pb_contact_field et_pb_module et_flex_module et_flex_column_12_24 et_flex_column_12_24_tablet et_flex_column_12_24_phone\" data-id=\"name,_vorname\" data-type=\"input\"><label class=\"et_pb_contact_form_label\" for=\"et_pb_contact_0_name,_vorname_0\">LAST NAME, FIRST NAME<\/label><input type=\"text\" name=\"et_pb_contact_0_name,_vorname_0\" id=\"et_pb_contact_0_name,_vorname_0\" class=\"input\" data-required_mark=\"required\" data-field_type=\"input\" data-original_id=\"name,_vorname\" placeholder=\"LAST NAME, FIRST NAME\" title=\"\" value=\"\" \/><\/div>\n\n<div class=\"et_pb_contact_field_1 et_pb_contact_field et_pb_module et_flex_module et_flex_column_12_24 et_flex_column_12_24_tablet et_flex_column_12_24_phone\" data-id=\"email\" data-type=\"email\"><label class=\"et_pb_contact_form_label\" for=\"et_pb_contact_0_email_1\">EMAIL ADDRESS<\/label><input type=\"text\" name=\"et_pb_contact_0_email_1\" id=\"et_pb_contact_0_email_1\" class=\"input\" data-required_mark=\"required\" data-field_type=\"email\" data-original_id=\"email\" placeholder=\"EMAIL ADDRESS\" title=\"\" value=\"\" \/><\/div>\n\n<div class=\"et_pb_contact_field_2 et_pb_contact_field et_pb_module et_flex_module et_flex_column_24_24 et_flex_column_24_24_tablet et_flex_column_24_24_phone\" data-id=\"telefon\" data-type=\"input\"><label class=\"et_pb_contact_form_label\" for=\"et_pb_contact_0_telefon_2\">PHONE<\/label><input type=\"text\" name=\"et_pb_contact_0_telefon_2\" id=\"et_pb_contact_0_telefon_2\" class=\"input\" data-required_mark=\"required\" data-field_type=\"input\" data-original_id=\"telefon\" placeholder=\"PHONE\" title=\"\" value=\"\" \/><\/div>\n\n<div class=\"et_pb_contact_field_3 et_pb_contact_field et_pb_module et_flex_module et_flex_column_24_24 et_flex_column_24_24_tablet et_flex_column_24_24_phone\" data-id=\"grund\" data-type=\"input\"><label class=\"et_pb_contact_form_label\" for=\"et_pb_contact_0_grund_3\">GROUND OF YOUR REQUEST<\/label><input type=\"text\" name=\"et_pb_contact_0_grund_3\" id=\"et_pb_contact_0_grund_3\" class=\"input\" data-required_mark=\"required\" data-field_type=\"input\" data-original_id=\"grund\" placeholder=\"GROUND OF YOUR REQUEST\" title=\"\" value=\"\" \/><\/div>\n\n<div class=\"et_pb_contact_field_4 et_pb_contact_field et_pb_module et_flex_module et_flex_column_24_24 et_flex_column_24_24_tablet et_flex_column_24_24_phone\" data-id=\"schon_einmal_da?\" data-type=\"radio\"><label class=\"et_pb_contact_form_label\">Have you been with us before?<\/label><span class=\"et_pb_contact_field_options_wrapper et_pb_field_module_radio\"><span class=\"et_pb_contact_field_options_title\">Have you been with us before?<\/span><span class=\"et_pb_contact_field_options_list\"><span class=\"et_pb_contact_field_radio\"><input type=\"radio\" name=\"et_pb_contact_0_schon_einmal_da?_4\" id=\"et_pb_contact_0_schon_einmal_da?_4_0\" class=\"input\" value=\"JA\" data-required_mark=\"required\" data-field_type=\"radio\" data-original_id=\"schon_einmal_da?\" data-id=\"-1\" \/><label for=\"et_pb_contact_0_schon_einmal_da?_4_0\"><i><\/i>YES<\/label><\/span><span class=\"et_pb_contact_field_radio\"><input type=\"radio\" name=\"et_pb_contact_0_schon_einmal_da?_4\" id=\"et_pb_contact_0_schon_einmal_da?_4_1\" class=\"input\" value=\"NEIN\" data-required_mark=\"required\" data-field_type=\"radio\" data-original_id=\"schon_einmal_da?\" data-id=\"0\" \/><label for=\"et_pb_contact_0_schon_einmal_da?_4_1\"><i><\/i>NO<\/label><\/span><\/span><\/span><\/div>\n\n<div class=\"et_pb_contact_field_5 et_pb_contact_field et_pb_module et_flex_module et_flex_column_24_24 et_flex_column_24_24_tablet et_flex_column_24_24_phone\" data-id=\"wunschzeitraum\" data-type=\"input\"><label class=\"et_pb_contact_form_label\" for=\"et_pb_contact_0_wunschzeitraum_5\">Desired timeframe or desired date<\/label><input type=\"text\" name=\"et_pb_contact_0_wunschzeitraum_5\" id=\"et_pb_contact_0_wunschzeitraum_5\" class=\"input\" data-required_mark=\"required\" data-field_type=\"input\" data-original_id=\"wunschzeitraum\" placeholder=\"Desired timeframe or desired date\" title=\"\" value=\"\" \/><\/div>\n<input type=\"hidden\" name=\"et_pb_contactform_submit_7067d836e5cc6b8d0df5f1ee01accc26\" value=\"et_contact_proccess\" \/><div class=\"et_contact_bottom_container\"><div class=\"et_pb_contact_right et_pb_contact_field\"><p class=\"clearfix\"><label><span class=\"et_pb_contact_captcha_question\">6 + 11<\/span> = <input type=\"text\" size=\"2\" class=\"input et_pb_contact_captcha\" data-first_digit=\"6\" data-second_digit=\"11\" data-required_mark=\"required\" name=\"et_pb_contact_captcha_7067d836e5cc6b8d0df5f1ee01accc26\" autocomplete=\"off\" \/><\/label><\/p><\/div><div class=\"et_pb_button_wrapper\"><button type=\"submit\" name=\"et_builder_submit_button\" class=\"et_pb_button et_pb_contact_submit\">Submit<\/button><\/div><\/div><input type=\"hidden\" id=\"_wpnonce-et-pb-contact-form-submitted-7067d836e5cc6b8d0df5f1ee01accc26\" name=\"_wpnonce-et-pb-contact-form-submitted-7067d836e5cc6b8d0df5f1ee01accc26\" value=\"c3e8adbf88\" \/><input type=\"hidden\" name=\"_wp_http_referer\" value=\"\/en\/wp-json\/wp\/v2\/pages\/252937\" \/><input type=\"hidden\" name=\"trp-form-language\" value=\"en\"\/><\/form><\/div><\/div>\n<\/div>\n<\/div>\n<\/div>\n\n<div class=\"et_pb_section_6 et_pb_section et_pb_fullwidth_section et_section_regular et_block_section\"><div class=\"et_pb_fullwidth_map_0 et_pb_map_container et_pb_module\"><div class=\"et_pb_map\" data-center-lat=\"0\" data-center-lng=\"0\" data-zoom=\"18\" data-mouse-wheel=\"off\" data-mobile-dragging=\"on\"><\/div><div class=\"et_pb_map_pin_0 et_pb_map_pin\" data-lat=\"0\" data-lng=\"0\" data-title=\"\"><\/div><\/div><\/div>","protected":false},"excerpt":{"rendered":"","protected":false},"author":1,"featured_media":0,"parent":0,"menu_order":0,"comment_status":"closed","ping_status":"closed","template":"","meta":{"footnotes":""},"class_list":["post-252937","page","type-page","status-publish","hentry"],"_links":{"self":[{"href":"https:\/\/zahnaerztekiel.de\/en\/wp-json\/wp\/v2\/pages\/252937","targetHints":{"allow":["GET"]}}],"collection":[{"href":"https:\/\/zahnaerztekiel.de\/en\/wp-json\/wp\/v2\/pages"}],"about":[{"href":"https:\/\/zahnaerztekiel.de\/en\/wp-json\/wp\/v2\/types\/page"}],"author":[{"embeddable":true,"href":"https:\/\/zahnaerztekiel.de\/en\/wp-json\/wp\/v2\/users\/1"}],"replies":[{"embeddable":true,"href":"https:\/\/zahnaerztekiel.de\/en\/wp-json\/wp\/v2\/comments?post=252937"}],"version-history":[{"count":0,"href":"https:\/\/zahnaerztekiel.de\/en\/wp-json\/wp\/v2\/pages\/252937\/revisions"}],"wp:attachment":[{"href":"https:\/\/zahnaerztekiel.de\/en\/wp-json\/wp\/v2\/media?parent=252937"}],"curies":[{"name":"wp","href":"https:\/\/api.w.org\/{rel}","templated":true}]}}