{"id":252010,"date":"2026-03-18T12:11:19","date_gmt":"2026-03-18T11:11:19","guid":{"rendered":"https:\/\/zahnaerztekiel.de\/?page_id=252010"},"modified":"2026-04-23T10:30:55","modified_gmt":"2026-04-23T08:30:55","slug":"nicolas-jacobi","status":"publish","type":"page","link":"https:\/\/zahnaerztekiel.de\/en\/nicolas-jacobi\/","title":{"rendered":"Nicolas Jacobi"},"content":{"rendered":"<div class=\"et_pb_section_0 et_pb_section et_section_regular et_block_section\">\n<div class=\"et_pb_row_0 et_pb_row et_block_row\">\n<div class=\"et_pb_column_0 et_pb_column et_pb_column_4_4 et-last-child et_block_column et_pb_css_mix_blend_mode_passthrough\">\n<div class=\"et_pb_text_0 et_pb_text et_pb_bg_layout_light et_pb_module et_block_module\"><div class=\"et_pb_text_inner\" data-et-mv-hidden-tablet=\"true\"><p>Unser Zahnarztpraxisteam<\/p>\n<\/div><\/div>\n\n<div class=\"et_pb_text_1 et_pb_text et_pb_bg_layout_light et_pb_module et_block_module\"><div class=\"et_pb_text_inner\" data-et-mv-hidden-phone=\"true\"><h1>Nicolas Jacobi -<br \/> Ihr Zahnarzt in Kiel<\/h1>\n<\/div><\/div>\n\n<div class=\"et_pb_text_2 et_pb_text et_pb_bg_layout_light et_pb_module et_block_module\"><div class=\"et_pb_text_inner\"><p>\u2013Ihr Experte in Zahnmedizin und Zahntechnik<\/p>\n<p>\n<\/div><\/div>\n\n<div class=\"et_pb_divider_0 et_pb_divider et_pb_space et_pb_divider_position_top et_pb_module\"><div class=\"et_pb_divider_internal\"><\/div><\/div>\n<\/div>\n<\/div>\n<\/div>\n\n<div class=\"et_pb_section_1 et_pb_section et_section_regular et_flex_section\">\n<div class=\"et_pb_row_1 et_pb_row et_flex_row\">\n<div class=\"et_pb_column_1 et_pb_column et_flex_column et_pb_css_mix_blend_mode_passthrough et_flex_column_2_5 et_flex_column_2_5_tablet et_flex_column_24_24_phone\">\n<div class=\"et_pb_image_0 et_pb_image et_pb_module et_flex_module\"><span class=\"et_pb_image_wrap\"><img decoding=\"async\" src=\"https:\/\/zahnaerztekiel.de\/wp-content\/uploads\/2026\/02\/Zahnarzt-Kiel-Zentrum-1.jpg\" alt=\"Zahnarzt Kiel Zentrum\" title=\"Zahnarzt Kiel Zentrum\" width=\"900\" height=\"719\" srcset=\"https:\/\/zahnaerztekiel.de\/wp-content\/uploads\/2026\/02\/Zahnarzt-Kiel-Zentrum-1.jpg 900w, https:\/\/zahnaerztekiel.de\/wp-content\/uploads\/2026\/02\/Zahnarzt-Kiel-Zentrum-1-480x383.jpg 480w\" sizes=\"(min-width: 0px) and (max-width: 480px) 480px, (min-width: 481px) 900px, 100vw\" class=\"wp-image-30\" \/><\/span><\/div>\n\n<div class=\"et_pb_text_3 et_pb_text et_pb_bg_layout_light et_pb_module et_block_module\"><div class=\"et_pb_text_inner\" data-et-mv-hidden-phone=\"true\"><h3>Zahnarzt und Zahntechniker<\/h3>\n<\/div><\/div>\n<\/div>\n\n<div class=\"et_pb_column_2 et_pb_column et-last-child et_flex_column et_pb_css_mix_blend_mode_passthrough et_flex_column_3_5 et_flex_column_3_5_tablet et_flex_column_24_24_phone\">\n<div class=\"et_pb_text_4 et_pb_text et_pb_bg_layout_light et_pb_module et_flex_module\"><div class=\"et_pb_text_inner\"><h3>VITA<\/h3>\n<p>&nbsp;<\/p>\n<table style=\"border: none; width: 100; border-bottom: none;\">\n<tbody>\n<tr>\n<td style=\"12%; text-align: center; border-color: #9dcce0;\">2025<\/td>\n<td>Anstellung als Zahnarzt in der Zahnarztpraxis Wurzelwerk Dr. David Christofzik, Kiel<\/td>\n<\/tr>\n<tr style=\"height: 24px;\">\n<td style=\"12%; text-align: center; border-color: #9dcce0;\">2019-2025<\/td>\n<td style=\"width: 88%; ; height: 24px;\">Studium der Zahnmedizin an der Christian-Albrechts-Universit\u00e4t zu Kiel<\/td>\n<\/tr>\n<tr style=\"height: 24px;\">\n<td style=\"12%; text-align: center; border-color: #9dcce0;\">seit Oktober 2023<\/td>\n<td style=\"width: 88%; ; height: 24px;\">Nebenberufliche T\u00e4tigkeit als Zahntechniker<\/td>\n<\/tr>\n<tr style=\"height: 48px;\">\n<td style=\"12%; text-align: center; border-color: #9dcce0;\">Januar 2023<\/td>\n<td style=\"width: 88%; ; height: 24px;\">Studentische Hilfskraft am Universit\u00e4tsklinikum Schleswig-Holstein<\/td>\n<\/tr>\n<tr style=\"height: 48px;\">\n<td style=\"12%; text-align: center; border-color: #9dcce0;\">2016-2019<\/td>\n<td style=\"width: 88%; ; height: 24px;\">Ausbildung zum Zahntechniker T\u00e4tigkeit im \u201eDentales Service Zentrum\u201c in Gieboldehausen<\/td>\n<\/tr>\n<\/tbody>\n<\/table>\n<p>\u00a0<\/p>\n<\/div><\/div>\n<\/div>\n<\/div>\n<\/div>\n\n<div class=\"et_pb_section_2 et_pb_section et_section_regular et_block_section pa-hover-section\" id=\"aktuelles\">\n<div class=\"et_pb_row_2 et_pb_row et_pb_equal_columns et_block_row et_animated\">\n<div class=\"et_pb_column_3 et_pb_column et_pb_column_4_4 et-last-child et_block_column et_pb_css_mix_blend_mode_passthrough\">\n<div class=\"et_pb_text_5 et_pb_text et_pb_bg_layout_light et_animated et_pb_module et_block_module pa-subhead-left\"><div class=\"et_pb_text_inner\"><h3>FAQ<\/h3>\n<\/div><\/div>\n\n<div class=\"et_pb_text_6 et_pb_text et_pb_bg_layout_light et_animated et_pb_module et_block_module\"><div class=\"et_pb_text_inner\"><h2>H\u00e4ufige Fragen zu Nicolas Jacobi<\/h2>\n<\/div><\/div>\n<\/div>\n<\/div>\n\n<div class=\"et_pb_row_3 et_pb_row et_pb_row_1-4_3-4 et_pb_gutters1 et_block_row et_block_row_1-4_3-4\">\n<div class=\"et_pb_column_4 et_pb_column et_pb_column_1_4 et_block_column et_pb_css_mix_blend_mode_passthrough\">\n<div class=\"et_pb_image_1 et_pb_image et_animated et_pb_module et_block_module imageipad\"><span class=\"et_pb_image_wrap\"><img decoding=\"async\" src=\"https:\/\/zahnaerztekiel.de\/wp-content\/uploads\/2026\/02\/wissenswertes-fuer-patienten-zahnarzt.jpg\" width=\"600\" height=\"900\" srcset=\"https:\/\/zahnaerztekiel.de\/wp-content\/uploads\/2026\/02\/wissenswertes-fuer-patienten-zahnarzt.jpg 600w, https:\/\/zahnaerztekiel.de\/wp-content\/uploads\/2026\/02\/wissenswertes-fuer-patienten-zahnarzt-480x720.jpg 480w\" sizes=\"(min-width: 0px) and (max-width: 480px) 480px, (min-width: 481px) 600px, 100vw\" class=\"wp-image-37\" title=\"Wissenswertes f\u00fcr Patienten Zahnarzt\" alt=\"Wissenswertes f\u00fcr Patienten Zahnarzt\" \/><\/span><\/div>\n<\/div>\n\n<div class=\"et_pb_column_5 et_pb_column et_pb_column_3_4 et-last-child et_block_column et_pb_css_mix_blend_mode_passthrough\">\n<div class=\"et_pb_text_7 et_pb_text et_pb_bg_layout_light et_animated et_pb_module et_block_module pa-subhead-left\"><div class=\"et_pb_text_inner\"><p>Ihre Fragen<\/p>\n<\/div><\/div>\n\n<div class=\"et_pb_text_8 et_pb_text et_pb_bg_layout_light et_animated et_pb_module et_block_module\"><div class=\"et_pb_text_inner\"><h2>Was Patientinnen und Patienten oft wissen m\u00f6chten<\/h2>\n<\/div><\/div>\n\n<div class=\"et_pb_text_9 et_pb_text et_pb_bg_layout_light et_pb_module et_flex_module\"><div class=\"et_pb_text_inner\"><p>Unsere Patientinnen und Patienten stellen uns h\u00e4ufig \u00e4hnliche Fragen zu Behandlungen, Abl\u00e4ufen oder zur Praxis. Damit Sie schnell Antworten finden, haben wir die wichtigsten Punkte hier \u00fcbersichtlich f\u00fcr Sie zusammengestellt.<\/p>\n<\/div><\/div>\n\n<div class=\"et_pb_toggle_0 et_pb_toggle et_pb_toggle_item et_pb_toggle_close et_animated et_pb_module et_block_module\"><h3 class=\"et_pb_toggle_title\">Welchen Schwerpunkt verfolgt Nicolas Jacobi als Zahnarzt?<\/h3><div class=\"et_pb_toggle_content clearfix\"><p>Nicolas Jacobi verbindet sein zahntechnisches Wissen mit moderner Zahnmedizin. Sein Schwerpunkt liegt auf Zahnerhaltung, \u00e4sthetischer Zahnmedizin und pr\u00e4zisem Zahnersatz.<\/p>\n<\/div><\/div>\n\n<div class=\"et_pb_toggle_1 et_pb_toggle et_pb_toggle_item et_pb_toggle_close et_animated et_pb_module et_block_module\"><h3 class=\"et_pb_toggle_title\">Wie lange dauert eine Wurzelkanalbehandlung?<\/h3><div class=\"et_pb_toggle_content clearfix\"><p>Die Dauer h\u00e4ngt von der Anzahl der Wurzelkan\u00e4le und dem Entz\u00fcndungsgrad ab. In der Regel dauert die Behandlung zwischen einer und zwei Stunden.<\/p>\n<\/div><\/div>\n\n<div class=\"et_pb_toggle_2 et_pb_toggle et_pb_toggle_item et_pb_toggle_close et_animated et_pb_module et_block_module\"><h3 class=\"et_pb_toggle_title\">Kann ein Zahn nach einer Wurzelkanalbehandlung erhalten bleiben?<\/h3><div class=\"et_pb_toggle_content clearfix\"><p>Ja, eine erfolgreiche Wurzelkanalbehandlung erh\u00e4lt den nat\u00fcrlichen Zahn oft viele Jahre oder sogar lebenslang. Die Stabilit\u00e4t kann zus\u00e4tzlich durch eine Krone verbessert werden.<\/p>\n<\/div><\/div>\n\n<div class=\"et_pb_text_10 et_pb_text et_pb_bg_layout_dark et_animated et_pb_module et_block_module\"><div class=\"et_pb_text_inner\"><p>F\u00fcr weitere Fragen oder individuelle Anliegen beraten wir Sie gerne pers\u00f6nlich.<\/p>\n<\/div><\/div>\n\n<div class=\"et_pb_code_0 et_pb_code et_pb_module\"><div class=\"et_pb_code_inner\"><script type=\"application\/ld+json\">\n{\n  \"@context\": \"https:\/\/schema.org\",\n  \"@type\": \"FAQPage\",\n  \"mainEntity\": [\n    {\n      \"@type\": \"Question\",\n      \"name\": \"Nehmen Sie neue Patient:innen auf?\",\n      \"acceptedAnswer\": {\n        \"@type\": \"Answer\",\n        \"text\": \"Ja, unsere Zahnarztpraxis nimmt neue Patient:innen auf. Eine Terminvereinbarung ist telefonisch oder \u00fcber unsere Kontaktm\u00f6glichkeiten m\u00f6glich. Ob kurzfristig ein Termin verf\u00fcgbar ist, h\u00e4ngt vom aktuellen Behandlungsbedarf ab.\"\n      }\n    },\n    {\n      \"@type\": \"Question\",\n      \"name\": \"Wie schnell bekomme ich einen Termin?\",\n      \"acceptedAnswer\": {\n        \"@type\": \"Answer\",\n        \"text\": \"Die Wartezeit auf einen Termin richtet sich nach dem Behandlungsanlass. Akute Beschwerden werden zeitnah eingeplant, planbare Behandlungen nach individueller Terminvereinbarung. Genaue Informationen erhalten Sie direkt bei der Kontaktaufnahme.\"\n      }\n    },\n    {\n      \"@type\": \"Question\",\n      \"name\": \"Was kostet eine zahn\u00e4rztliche Behandlung?\",\n      \"acceptedAnswer\": {\n        \"@type\": \"Answer\",\n        \"text\": \"Die Kosten einer Behandlung h\u00e4ngen von Art, Umfang und individuellem Befund ab. Gesetzliche und private Leistungen unterscheiden sich, ebenso m\u00f6gliche Zusatzleistungen. Vor umfangreicheren Behandlungen informieren wir transparent \u00fcber die zu erwartenden Kosten.\"\n      }\n    },\n    {\n      \"@type\": \"Question\",\n      \"name\": \"Was sollte ich bei Zahnschmerzen tun?\",\n      \"acceptedAnswer\": {\n        \"@type\": \"Answer\",\n        \"text\": \"Bei anhaltenden oder zunehmenden Zahnschmerzen sollte zeitnah eine zahn\u00e4rztliche Abkl\u00e4rung erfolgen. Akute Schmerzen k\u00f6nnen auf Entz\u00fcndungen oder andere behandlungsbed\u00fcrftige Ursachen hinweisen. Eine fr\u00fchzeitige Untersuchung hilft, Folgesch\u00e4den zu vermeiden.\"\n      }\n    },\n    {\n      \"@type\": \"Question\",\n      \"name\": \"Gibt es einen zahn\u00e4rztlichen Notdienst?\",\n      \"acceptedAnswer\": {\n        \"@type\": \"Answer\",\n        \"text\": \"Au\u00dferhalb der regul\u00e4ren Sprechzeiten steht in Schleswig-Holstein ein zahn\u00e4rztlicher Notdienst zur Verf\u00fcgung. Informationen zum jeweils zust\u00e4ndigen Notdienst erhalten Sie \u00fcber die entsprechenden Notdienstnummern oder regionale Anlaufstellen.\"\n      }\n    }\n  ]\n}\n<\/script><\/div><\/div>\n<\/div>\n<\/div>\n<\/div>\n\n<div class=\"et_pb_section_3 et_pb_section et_section_regular et_block_section et_animated\">\n<div class=\"et_pb_row_4 et_pb_row et_block_row\">\n<div class=\"et_pb_column_6 et_pb_column et_pb_column_4_4 et-last-child et_block_column et_pb_css_mix_blend_mode_passthrough\">\n<div class=\"et_pb_text_11 et_pb_text et_pb_bg_layout_light et_pb_module et_block_module\"><div class=\"et_pb_text_inner\"><p>Zahnmedizin, so individuell wie Sie.<\/p>\n<\/div><\/div>\n\n<div class=\"et_pb_divider_1 et_pb_divider et_pb_space et_pb_divider_position_top et_pb_module\"><div class=\"et_pb_divider_internal\"><\/div><\/div>\n<\/div>\n<\/div>\n<\/div>\n\n<div class=\"et_pb_section_4 et_pb_section et_section_regular et_block_section\">\n<div class=\"et_pb_row_5 et_pb_row et_block_row\">\n<div class=\"et_pb_column_7 et_pb_column et_pb_column_4_4 et-last-child et_block_column et_pb_css_mix_blend_mode_passthrough\">\n<div class=\"et_pb_divider_2 et_pb_divider et_pb_space et_pb_divider_position_top et_pb_module\"><div class=\"et_pb_divider_internal\"><\/div><\/div>\n\n<div class=\"et_pb_text_12 et_pb_text et_pb_bg_layout_light et_pb_module et_block_module\"><div class=\"et_pb_text_inner\"><h2>Haben Sie eine Frage an Nicolas Jacobi?<\/h2>\n<\/div><\/div>\n<\/div>\n<\/div>\n\n<div class=\"et_pb_row_6 et_pb_row et_pb_row_1-4_3-4 et_block_row et_block_row_1-4_3-4\">\n<div class=\"et_pb_column_8 et_pb_column et_pb_column_1_4 et_block_column et_pb_css_mix_blend_mode_passthrough\">\n<div class=\"et_pb_text_13 et_pb_text et_pb_bg_layout_light et_pb_module et_block_module\"><div class=\"et_pb_text_inner\"><p>Wann d\u00fcrfen wir f\u00fcr Sie da sein?<br \/>Sie k\u00f6nnen gerne anrufen, eine Nachricht schreiben oder direkt einen Termin online vereinbaren:<\/p>\n<p>&nbsp;<\/p>\n<\/div><\/div>\n\n<div class=\"et_pb_module et_pb_button_module_wrapper et_pb_button_0_wrapper\"><a class=\"et_pb_button_0 et_pb_button et_pb_bg_layout_light et_pb_module et_block_module\" href=\"https:\/\/zahnaerztekiel.de\/zahnarzt-termin-online-buchen\/#buchung\" data-icon=\"\ue023\">Termin online buchen<\/a><\/div>\n\n<div class=\"et_pb_image_2 et_pb_image et_pb_module et_block_module\"><span class=\"et_pb_image_wrap\"><img decoding=\"async\" src=\"https:\/\/zahnaerztekiel.de\/wp-content\/uploads\/2026\/02\/Zahnaztpraxis-Kiel-Duesternbrook-Beste-scaled-1.jpg\" width=\"2560\" height=\"1708\" srcset=\"https:\/\/zahnaerztekiel.de\/wp-content\/uploads\/2026\/02\/Zahnaztpraxis-Kiel-Duesternbrook-Beste-scaled-1.jpg 2560w, https:\/\/zahnaerztekiel.de\/wp-content\/uploads\/2026\/02\/Zahnaztpraxis-Kiel-Duesternbrook-Beste-scaled-1-1280x854.jpg 1280w, https:\/\/zahnaerztekiel.de\/wp-content\/uploads\/2026\/02\/Zahnaztpraxis-Kiel-Duesternbrook-Beste-scaled-1-980x654.jpg 980w, https:\/\/zahnaerztekiel.de\/wp-content\/uploads\/2026\/02\/Zahnaztpraxis-Kiel-Duesternbrook-Beste-scaled-1-480x320.jpg 480w\" sizes=\"(min-width: 0px) and (max-width: 480px) 480px, (min-width: 481px) and (max-width: 980px) 980px, (min-width: 981px) and (max-width: 1280px) 1280px, (min-width: 1281px) 2560px, 100vw\" class=\"wp-image-40\" title=\"Zahnaztpraxis Kiel D\u00fcsternbrook Beste\" alt=\"Zahnaztpraxis Kiel D\u00fcsternbrook Beste\" \/><\/span><\/div>\n<\/div>\n\n<div class=\"et_pb_column_9 et_pb_column et_pb_column_3_4 et-last-child et_block_column et_pb_css_mix_blend_mode_passthrough\">\n<div class=\"et_pb_contact_form_0 et_pb_contact_form_container clearfix et_pb_module et_flex_module\" data-form_unique_num=\"0\" data-form_unique_id=\"7067d836e5cc6b8d0df5f1ee01accc26\" id=\"et_pb_contact_form_7067d836e5cc6b8d0df5f1ee01accc26\"><div class=\"et-pb-contact-message\"><\/div><div class=\"et_pb_contact\"><form class=\"et_pb_contact_form et_flex_module\" method=\"post\" action=\"https:\/\/zahnaerztekiel.de\/en\/wp-json\/wp\/v2\/pages\/252010\">\n<div class=\"et_pb_contact_field_0 et_pb_contact_field et_pb_module et_flex_module et_flex_column_12_24 et_flex_column_12_24_tablet et_flex_column_12_24_phone\" data-id=\"name,_vorname\" data-type=\"input\"><label class=\"et_pb_contact_form_label\" for=\"et_pb_contact_0_name,_vorname_0\">NAME, VORNAME<\/label><input type=\"text\" name=\"et_pb_contact_0_name,_vorname_0\" id=\"et_pb_contact_0_name,_vorname_0\" class=\"input\" data-required_mark=\"required\" data-field_type=\"input\" data-original_id=\"name,_vorname\" placeholder=\"NAME, VORNAME\" title=\"\" value=\"\" \/><\/div>\n\n<div class=\"et_pb_contact_field_1 et_pb_contact_field et_pb_module et_flex_module et_flex_column_12_24 et_flex_column_12_24_tablet et_flex_column_12_24_phone\" data-id=\"email\" data-type=\"email\"><label class=\"et_pb_contact_form_label\" for=\"et_pb_contact_0_email_1\">E-MAIL ADRESSE<\/label><input type=\"text\" name=\"et_pb_contact_0_email_1\" id=\"et_pb_contact_0_email_1\" class=\"input\" data-required_mark=\"required\" data-field_type=\"email\" data-original_id=\"email\" placeholder=\"E-MAIL ADRESSE\" title=\"\" value=\"\" \/><\/div>\n\n<div class=\"et_pb_contact_field_2 et_pb_contact_field et_pb_module et_flex_module et_flex_column_24_24 et_flex_column_24_24_tablet et_flex_column_24_24_phone\" data-id=\"telefon\" data-type=\"input\"><label class=\"et_pb_contact_form_label\" for=\"et_pb_contact_0_telefon_2\">TELEFON<\/label><input type=\"text\" name=\"et_pb_contact_0_telefon_2\" id=\"et_pb_contact_0_telefon_2\" class=\"input\" data-required_mark=\"required\" data-field_type=\"input\" data-original_id=\"telefon\" placeholder=\"TELEFON\" title=\"\" value=\"\" \/><\/div>\n\n<div class=\"et_pb_contact_field_3 et_pb_contact_field et_pb_module et_flex_module et_flex_column_24_24 et_flex_column_24_24_tablet et_flex_column_24_24_phone\" data-id=\"grund\" data-type=\"input\"><label class=\"et_pb_contact_form_label\" for=\"et_pb_contact_0_grund_3\">GRUND IHRER ANFRAGE<\/label><input type=\"text\" name=\"et_pb_contact_0_grund_3\" id=\"et_pb_contact_0_grund_3\" class=\"input\" data-required_mark=\"required\" data-field_type=\"input\" data-original_id=\"grund\" placeholder=\"GRUND IHRER ANFRAGE\" title=\"\" value=\"\" \/><\/div>\n\n<div class=\"et_pb_contact_field_4 et_pb_contact_field et_pb_module et_flex_module et_flex_column_24_24 et_flex_column_24_24_tablet et_flex_column_24_24_phone\" data-id=\"schon_einmal_da?\" data-type=\"radio\"><label class=\"et_pb_contact_form_label\">WAREN SIE SCHON EINMAL BEI UNS?<\/label><span class=\"et_pb_contact_field_options_wrapper et_pb_field_module_radio\"><span class=\"et_pb_contact_field_options_title\">WAREN SIE SCHON EINMAL BEI UNS?<\/span><span class=\"et_pb_contact_field_options_list\"><span class=\"et_pb_contact_field_radio\"><input type=\"radio\" name=\"et_pb_contact_0_schon_einmal_da?_4\" id=\"et_pb_contact_0_schon_einmal_da?_4_0\" class=\"input\" value=\"JA\" data-required_mark=\"required\" data-field_type=\"radio\" data-original_id=\"schon_einmal_da?\" data-id=\"-1\" \/><label for=\"et_pb_contact_0_schon_einmal_da?_4_0\"><i><\/i>JA<\/label><\/span><span class=\"et_pb_contact_field_radio\"><input type=\"radio\" name=\"et_pb_contact_0_schon_einmal_da?_4\" id=\"et_pb_contact_0_schon_einmal_da?_4_1\" class=\"input\" value=\"NEIN\" data-required_mark=\"required\" data-field_type=\"radio\" data-original_id=\"schon_einmal_da?\" data-id=\"0\" \/><label for=\"et_pb_contact_0_schon_einmal_da?_4_1\"><i><\/i>NEIN<\/label><\/span><\/span><\/span><\/div>\n\n<div class=\"et_pb_contact_field_5 et_pb_contact_field et_pb_module et_flex_module et_flex_column_24_24 et_flex_column_24_24_tablet et_flex_column_24_24_phone\" data-id=\"wunschzeitraum\" data-type=\"input\"><label class=\"et_pb_contact_form_label\" for=\"et_pb_contact_0_wunschzeitraum_5\">WUNSCHZEITRAUM ODER WUNSCHTERMIN<\/label><input type=\"text\" name=\"et_pb_contact_0_wunschzeitraum_5\" id=\"et_pb_contact_0_wunschzeitraum_5\" class=\"input\" data-required_mark=\"required\" data-field_type=\"input\" data-original_id=\"wunschzeitraum\" placeholder=\"WUNSCHZEITRAUM ODER WUNSCHTERMIN\" title=\"\" value=\"\" \/><\/div>\n<input type=\"hidden\" name=\"et_pb_contactform_submit_7067d836e5cc6b8d0df5f1ee01accc26\" value=\"et_contact_proccess\" \/><div class=\"et_contact_bottom_container\"><div class=\"et_pb_contact_right et_pb_contact_field\"><p class=\"clearfix\"><label><span class=\"et_pb_contact_captcha_question\">12 + 9<\/span> = <input type=\"text\" size=\"2\" class=\"input et_pb_contact_captcha\" data-first_digit=\"12\" data-second_digit=\"9\" data-required_mark=\"required\" name=\"et_pb_contact_captcha_7067d836e5cc6b8d0df5f1ee01accc26\" autocomplete=\"off\" \/><\/label><\/p><\/div><div class=\"et_pb_button_wrapper\"><button type=\"submit\" name=\"et_builder_submit_button\" class=\"et_pb_button et_pb_contact_submit\">Submit<\/button><\/div><\/div><input type=\"hidden\" id=\"_wpnonce-et-pb-contact-form-submitted-7067d836e5cc6b8d0df5f1ee01accc26\" name=\"_wpnonce-et-pb-contact-form-submitted-7067d836e5cc6b8d0df5f1ee01accc26\" value=\"c3e8adbf88\" \/><input type=\"hidden\" name=\"_wp_http_referer\" value=\"\/en\/wp-json\/wp\/v2\/pages\/252010\" \/><\/form><\/div><\/div>\n<\/div>\n<\/div>\n<\/div>","protected":false},"excerpt":{"rendered":"","protected":false},"author":1,"featured_media":0,"parent":0,"menu_order":0,"comment_status":"closed","ping_status":"closed","template":"","meta":{"footnotes":""},"class_list":["post-252010","page","type-page","status-publish","hentry"],"_links":{"self":[{"href":"https:\/\/zahnaerztekiel.de\/en\/wp-json\/wp\/v2\/pages\/252010","targetHints":{"allow":["GET"]}}],"collection":[{"href":"https:\/\/zahnaerztekiel.de\/en\/wp-json\/wp\/v2\/pages"}],"about":[{"href":"https:\/\/zahnaerztekiel.de\/en\/wp-json\/wp\/v2\/types\/page"}],"author":[{"embeddable":true,"href":"https:\/\/zahnaerztekiel.de\/en\/wp-json\/wp\/v2\/users\/1"}],"replies":[{"embeddable":true,"href":"https:\/\/zahnaerztekiel.de\/en\/wp-json\/wp\/v2\/comments?post=252010"}],"version-history":[{"count":1,"href":"https:\/\/zahnaerztekiel.de\/en\/wp-json\/wp\/v2\/pages\/252010\/revisions"}],"predecessor-version":[{"id":253523,"href":"https:\/\/zahnaerztekiel.de\/en\/wp-json\/wp\/v2\/pages\/252010\/revisions\/253523"}],"wp:attachment":[{"href":"https:\/\/zahnaerztekiel.de\/en\/wp-json\/wp\/v2\/media?parent=252010"}],"curies":[{"name":"wp","href":"https:\/\/api.w.org\/{rel}","templated":true}]}}