{"id":251578,"date":"2026-03-23T15:30:27","date_gmt":"2026-03-23T14:30:27","guid":{"rendered":"https:\/\/zahnaerztekiel.de\/?page_id=251578"},"modified":"2026-04-22T08:23:56","modified_gmt":"2026-04-22T06:23:56","slug":"impressum","status":"publish","type":"page","link":"https:\/\/zahnaerztekiel.de\/en\/impressum\/","title":{"rendered":"Legal notice"},"content":{"rendered":"<div class=\"et_pb_section_0 et_pb_section et_section_regular et_block_section et_pb_section_parallax\"><span class=\"et-pb-parallax-wrapper\"><span class=\"et-pb-parallax-background et-pb-parallax-background-module--divi-section-0\" style=\"background-image:url(https:\/\/zahnaerztekiel.de\/wp-content\/uploads\/2026\/02\/Zahnaztpraxis-Kiel-Duesternbrook-Beste-scaled-1.jpg)\"><\/span><\/span>\n<div class=\"et_pb_row_0 et_pb_row et_block_row\">\n<div class=\"et_pb_column_0 et_pb_column et_pb_column_4_4 et-last-child et_block_column et_pb_css_mix_blend_mode_passthrough\">\n<div class=\"et_pb_text_0 et_pb_text et_pb_bg_layout_light et_pb_module et_block_module\"><div class=\"et_pb_text_inner\"><p>We are here for you<\/p>\n<\/div><\/div>\n\n<div class=\"et_pb_text_1 et_pb_text et_pb_bg_layout_light et_pb_module et_block_module\"><div class=\"et_pb_text_inner\"><h1>Impressum - Zahnarzt Kiel\u00a0<\/h1>\n<\/div><\/div>\n\n<div class=\"et_pb_text_2 et_pb_text et_pb_bg_layout_light et_pb_module et_block_module\"><div class=\"et_pb_text_inner\"><h2>- Rootwork Dental Practice<\/h2>\n<\/div><\/div>\n\n<div class=\"et_pb_divider_0 et_pb_divider et_pb_space et_pb_divider_position_top et_pb_module\"><div class=\"et_pb_divider_internal\"><\/div><\/div>\n<\/div>\n<\/div>\n<\/div>\n\n<div class=\"et_pb_section_1 et_pb_section et_section_regular et_block_section\">\n<div class=\"et_pb_row_1 et_pb_row et_block_row\">\n<div class=\"et_pb_column_1 et_pb_column et_pb_column_4_4 et-last-child et_block_column et_pb_css_mix_blend_mode_passthrough\">\n<div class=\"et_pb_text_3 et_pb_text et_pb_bg_layout_light et_animated et_pb_module et_block_module\"><div class=\"et_pb_text_inner\"><h3>Legal notice<\/h3>\n<p>We are pleased to welcome you to our practice.<\/p>\n<\/div><\/div>\n\n<div class=\"et_pb_divider_1 et_pb_divider et_pb_space et_pb_divider_position_top et_pb_module\"><div class=\"et_pb_divider_internal\"><\/div><\/div>\n<\/div>\n<\/div>\n\n<div class=\"et_pb_row_2 et_pb_row et_flex_row\">\n<div class=\"et_pb_column_2 et_pb_column et-last-child et_flex_column et_pb_css_mix_blend_mode_passthrough et_flex_column_24_24 et_flex_column_24_24_tablet et_flex_column_24_24_phone\">\n<div class=\"et_pb_text_4 et_pb_text et_pb_bg_layout_light et_pb_module et_block_module\"><div class=\"et_pb_text_inner\"><p><strong>Inhaltlich Verantwortlicher gem\u00e4\u00df \u00a75 TMG:<\/strong><\/p>\n<p>Dr. med. dent. David William Christofzik<\/p>\n<p>Niemannsweg 46, 24105 Kiel<strong><\/strong><\/p>\n<p><strong>Contact<\/strong><\/p>\n<p>Telefon: +49 431 55 68 23 26<br \/>E-Mail:\u00a0<span>\u00a0<\/span><a href=\"mailto:info@meinwurzelwerk.de\">info@meinwurzelwerk.de<\/a><\/p>\n<p><strong><span>Berufsbezeichnung und berufsrechtliche Regelungen<\/span><\/strong><\/p>\n<p><span><span class=\"wixGuard\"><span><strong>Dr. med. dent. David William Christofzik<\/strong><\/span><\/span><\/span><span class=\"color_17\" style=\"font-size: 14px;\">Berufsbezeichnung:\u00a0<\/span><span style=\"font-size: 14px;\">Zahnarzt \/ Zahn\u00e4rztekammer Schleswig-Holstein<\/span><\/p>\n<p>Approbation und Promotion: Christian-Albrechts-Unversit\u00e4t Kiel<br \/>Bundesrepublik Deutschland<br \/>Gerichtsstandort: Kiel, Deutschland<br \/>Berufsbezeichnung: Zahnarzt,<br \/>(alle Titel und Berufsbezeichnungen verliehen in der Bundesrepublik Deutschland)<\/p>\n<p>Dr. David William Christofzik ist zertifiziert als Spezialisten f\u00fcr Traumatologie und Endodontie<br \/>durch die <span>Deutsche Gesellschaft f\u00fcr Endodontologie und zahn\u00e4rztliche Traumatologie e.V. (DGET) in der\u00a0<\/span><br \/><a href=\"http:\/\/dgz-online.de\/\" target=\"_blank\" rel=\"noopener\">Deutschen Gesellschaft f\u00fcr Zahnerhaltung<\/a><span>\u00a0e.V.: <a href=\"https:\/\/www.dget.de\/\" target=\"_blank\" rel=\"noopener\">https:\/\/www.dget.de\/ <\/a><\/span><br \/>Zust\u00e4ndige Aufsichtsbeh\u00f6rde:<br \/><a href=\"http:\/\/www.kzv-sh.de\/\" target=\"_blank\" rel=\"noopener\">Kassenzahn\u00e4rztliche Vereinigung Schleswig-Holstein<\/a><br \/>Westring 498<br \/>24106 Kiel<br \/>Telefon: 0431 3897 - 0<br \/>email:<span>\u00a0<\/span><a href=\"mailto:info@kzv-sh.de\">info@kzv-sh.de<\/a><\/p>\n<p>Zust\u00e4ndige Kammer:<br \/><a href=\"http:\/\/www.zahnaerztekammer-sh.de\/\" target=\"_blank\" rel=\"noopener\">Zahn\u00e4rztekammer Schleswig-Holstein<\/a><br \/>Westring 496<br \/>24106 Kiel<br \/>Telefon: 0431 260926 - 0<br \/>email:<span>\u00a0<\/span><a href=\"mailto:central@zaek-sh.de\">central@zaek-sh.de<\/a><\/p>\n<p>Berufsrechtliche Regelungen:<br \/>Berufsordnung der Zahn\u00e4rztekammer Schleswig Holstein<br \/>Heilberufekammergesetz des Landes Schleswig Holstein<br \/>Gesetz \u00fcber die Aus\u00fcbung der Zahnheilkunde<br \/>Geb\u00fchrenordnung f\u00fcr \u00c4rzte(GO\u00c4) und \u00a0Zahn\u00e4rzte (GOZ)<\/p>\n<p>Auskunft erteilt die Zahn\u00e4rztekammer Schleswig-Holstein (<a href=\"http:\/\/www.zaek-sh.de\/\" target=\"_blank\" rel=\"noopener\">www.zaek-sh.de<\/a>)<\/p>\n<p><strong>Webdesign, Programmierung:<\/strong><br \/>Think-next Studio |<span><a href=\"https:\/\/www.think-next-studio.de\" target=\"_blank\" rel=\"noopener\"> <\/a><a href=\"http:\/\/www.think-next-studio.de\" target=\"_blank\" rel=\"noopener\">www.think-next-studio.de<\/a><a href=\"https:\/\/www.think-next-studio.de\" target=\"_blank\" rel=\"noopener\"><\/a><\/span><\/p>\n<p><strong>Fotografin Portrait:<\/strong><span><\/span><\/p>\n<p class=\"flo-contact-block-1__contact-block-title\">Britta Ahlstr\u00f6m | <a href=\"http:\/\/www.ahlstroem-photographie.de\" target=\"_blank\" rel=\"noopener\">www.ahlstroem-photographie.de<\/a><\/p>\n<p><strong>Haftungsausschluss:<\/strong><br \/>Dieser Webauftritt wurde mit gr\u00f6\u00dftm\u00f6glicher Sorgfalt erstellt und laufend \u00fcberpr\u00fcft. Der Herausgeber \u00fcbernimmt jedoch keinerlei Gew\u00e4hr f\u00fcr die Aktualit\u00e4t, Korrektheit, Vollst\u00e4ndigkeit oder Qualit\u00e4t der bereitgestellten Informationen. Der Herausgeber schlie\u00dft jegliche Haftung f\u00fcr Sch\u00e4den, die durch die Nutzung oder Nichtnutzung der dargebotenen Informationen bzw. durch die Nutzung fehlerhafter und unvollst\u00e4ndiger Informationen verursacht werden, grunds\u00e4tzlich aus, sofern seitens des Herausgebers kein nachweislich vors\u00e4tzliches oder grob fahrl\u00e4ssiges Verschulden vorliegt.<\/p>\n<p><strong>Datenschutzrechtlicher Hinweis:<\/strong><br \/>Die von einem Nutzer im Rahmen einer Anfrage hinterlassenen pers\u00f6nlichen Daten werden ausschlie\u00dflich intern verwendet und gespeichert. Der Herausgeber versichert, dass jegliche Angaben den geltenden datenschutzrechtlichen Bestimmungen entsprechend gehandhabt werden. Der Herausgeber weist darauf hin, dass er aus technischen Gr\u00fcnden eine Einsicht der \u00fcbermittelten Daten beim Versand durch Dritte nicht ausschlie\u00dfen kann. Die \u00dcbermittlung erfolgt somit auf eigene Gefahr des Nutzers.<\/p>\n<p><strong>Verweise und Links:<\/strong><br \/>Bez\u00fcglich fremder Inhalte, zu denen Verkn\u00fcpfungen (Links) bestehen, distanzieren wir uns ausdr\u00fccklich von den Inhalten dieser Internetseiten. F\u00fcr alle Links gilt: der Herausgeber hat keinen Einfluss auf Inhalt und Gestaltung der verlinkten Seiten. Die Nutzung von Links, die zu Seiten au\u00dferhalb dieser Webseite f\u00fchren, erfolgt auf eigene Verantwortung des Nutzers. F\u00fcr illegale, fehlerhafte oder unvollst\u00e4ndige Inhalte und insbesondere f\u00fcr Sch\u00e4den, die aus der Nutzung solcherart dargebotener Informationen entstehen haftet alleine der Anbieter der Seite, auf welche verwiesen wurde.<\/p>\n<p><strong>Fotos &amp; Icons Quellenangabe:<\/strong><\/p>\n<p><strong><\/strong><br \/>Syda Productions \/ #250246336 \/ stock.adobe.com<\/p>\n<p>Pixel-shot \/ #291495552 \/ stock.adobe.com<\/p>\n<p>adragan \/ #260598390 \/ stock.adobe.com<\/p>\n<p>Prostock-studio \/ #274772743 \/ stock.adobe.com<\/p>\n<p>Kalim \/ #233018078 \/ stock.adobe.com<\/p>\n<p>JMBee Studio \/ #551896086 \/ stock.adobe.com<\/p>\n<p>thodonal \/ #276103722 \/ stock.adobe.com<\/p>\n<p>Hazem \/ #240472622 \/ stock.adobe.com<\/p>\n<p>jaojormani \/ #294041593 \/ stock.adobe.com<\/p>\n<p>Barudak Lier \/ #496018270 \/ stock.adobe.com<\/p>\n<p>alice_photo \/ #294049420 \/ stock.adobe.com<\/p>\n<p>adragan \/ #415738745 \/ stock.adobe.com<\/p>\n<p>Dragana Gordic \/ #514209583 \/ stock.adobe.com<\/p>\n<p>onephoto \/ #214169337 \/ stock.adobe.com<\/p>\n<p>Allesandro Grandini \/ #296193565 \/ stock.adobe.com<\/p>\n<p>Proxima Studio \/ #332278468 \/ stock.adobe.com<\/p>\n<p>LIGHTFIELD STUDIOS \/ #241437125 \/ stock.adobe.com<\/p>\n<p>YURII MASLAK \/ #132654082 \/ stock.adobe.com<\/p>\n<p>yukinoshirokuma \/ #376398059 \/ stock.adobe.com<\/p>\n<p>Africa Studio \/ #131609140 \/ stock.adobe.com<\/p>\n<p>Maksymiv lurii \/ #198621365 \/ stock.adobe.com<\/p>\n<p>Krakenimages.com \/ #275640283 \/ stock.adobe.com<\/p>\n<p>onephoto \/ #215903846 \/ stock.adobe.com<\/p>\n<p>DN6 \/ #561980821 \/ stock.adobe.com<\/p>\n<p>Andrii Zastozhnov \/ #361048599 \/ stock.adobe.com<\/p>\n<p>Grispb \/ 561980821 \/ stock.adobe.com<\/p>\n<p>deagreez \/ #280157221 \/ stock.adobe.com<\/p>\n<p>Atlas \/ #530980128 \/ stock.adobe.com<\/p>\n<p>Mclittlestock \/ #328261084 \/ stock.adobe.com<\/p>\n<p>YakobChuck Olena \/ #298447492 \/ stock.adobe.com<\/p>\n<p>piyaset \/ #589213926 \/ stock.adobe.com<\/p>\n<p>Inna Dodor \/ #360512355 \/ stock.adobe.com<\/p>\n<p>Paylessimages \/ #371346339 \/ stock.adobe.com<\/p>\n<p>comzeal \/ #287620064 \/ stock.adobe.com<\/p>\n<p>LIGHTFIELD STUDIOS \/ #251539775 \/ stock.adobe.com<\/p>\n<p>Acronym \/ #249053952 \/ stock.adobe.com<\/p>\n<p>bit24 \/ #328229839 \/ stock.adobe.com<\/p>\n<p>Goffkein \/ #2693330167 \/ stock.adobe.com<\/p>\n<p>snowing 12 \/ #323969297 \/ stock.adobe.com<\/p>\n<p>calypso77 \/ #509763557 \/ stock.adobe.com<\/p>\n<p>eddows \/ #404372997 \/ stock.adobe.com<\/p>\n<p>Drazen \/ #537857521 \/ stock.adobe.com<\/p>\n<p>Voyagerix \/ #174959368 \/ stock.adobe.com<\/p>\n<p>Africa Studios \/ #131609140 \/ stock.adobe.com<\/p>\n<p>adragan \/ #252394371 \/ stock.adobe.com<\/p>\n<p>vetre \/ #276563311 \/ stock.adobe.com<\/p>\n<p>Andriy Bezuglov \/ #298746568 \/ stock.adobe.com<\/p>\n<p>voyagerix \/ #141548092 \/ stock.adobe.com<\/p>\n<p>H_Ko \/ #460293017 \/ stock.adobe.com<\/p>\n<p>Atlas \/ #29518460 \/ stock.adobe.com<\/p>\n<p>wutzko \/ #229308064 \/ stock.adobe.com<\/p>\n<p>YURII MASLAK \/ #132654082 \/ stock.adobe.com<\/p>\n<p>butsaya33 \/ #314295743 \/ stock.adobe.com<\/p>\n<p>vegefox.com \/ #180178291 \/ stock.adobe.com<\/p>\n<p>Nuthawut \/ #328040461 \/ stock.adobe.com<\/p>\n<p>Monster Ztudio \/ #529745778 \/ stock.adobe.com<\/p>\n<p>Pixel-Studio \/ #411733991 \/ stock.adobe.com<\/p>\n<p>aamulya \/ #16357144 \/ stock.adobe.com<\/p>\n<p>Olga Kriger \/ #481112767 \/ stock.adobe.com<\/p>\n<p>vaaseenaa \/ #362363326 \/ stock.adobe.com<\/p>\n<p>Andriy Bezuglov \/ #303716985 \/ stock.adobe.com<\/p>\n<p>Asier \/ #374693183 \/ stock.adobe.com<\/p>\n<p>LIGHTFIELD STTUDIOS \/ #407497675 \/ stock.adobe.com<\/p>\n<p>Africa Studios \/ #78391351 \/ stock.adobe.com<\/p>\n<p>Atlas \/ #489829317 \/ stock.adobe.com<\/p>\n<p>Drazen \/ #430459208 \/ stock.adobe.com<\/p>\n<p>Syda Productions \/ #13405366 \/ stock.adobe.com<\/p>\n<p>Nattakorn \/ #269365972 \/ stock.adobe.com<\/p>\n<p>Pixel-Shot \/ #257831138 \/ stock.adobe.com<\/p>\n<p>estradaanton \/ #250654475 \/ stock.adobe.com<\/p>\n<p>Viacheslav Yakobchuk \/ #495251283 \/ stock.adobe.com<\/p>\n<p>Irene \/ #408808783 \/ stock.adobe.com<\/p>\n<p>Africa Studios \/ #153396491 \/ stock.adobe.com<\/p>\n<p>Andrii \/ #383890678 \/ stock.adobe.com<\/p>\n<p>yellow_man \/ #495429364 \/ stock.adobe.com<\/p>\n<p>Thitiphat \/ #308734925 \/ stock.adobe.com<\/p>\n<p>REDPIXEL \/ #247320691 \/ stock.adobe.com<\/p>\n<p><span>Pixel-Shot \/ #485920271 \/ stock.adobe.com<\/span><\/p>\n<p><span>Dental Pro Content \/ #402043172 \/ stock.adobe.com<\/span><\/p>\n<p>&nbsp;<\/p>\n<\/div><\/div>\n<\/div>\n<\/div>\n<\/div>","protected":false},"excerpt":{"rendered":"","protected":false},"author":1,"featured_media":0,"parent":0,"menu_order":0,"comment_status":"closed","ping_status":"closed","template":"","meta":{"footnotes":""},"class_list":["post-251578","page","type-page","status-publish","hentry"],"_links":{"self":[{"href":"https:\/\/zahnaerztekiel.de\/en\/wp-json\/wp\/v2\/pages\/251578","targetHints":{"allow":["GET"]}}],"collection":[{"href":"https:\/\/zahnaerztekiel.de\/en\/wp-json\/wp\/v2\/pages"}],"about":[{"href":"https:\/\/zahnaerztekiel.de\/en\/wp-json\/wp\/v2\/types\/page"}],"author":[{"embeddable":true,"href":"https:\/\/zahnaerztekiel.de\/en\/wp-json\/wp\/v2\/users\/1"}],"replies":[{"embeddable":true,"href":"https:\/\/zahnaerztekiel.de\/en\/wp-json\/wp\/v2\/comments?post=251578"}],"version-history":[{"count":0,"href":"https:\/\/zahnaerztekiel.de\/en\/wp-json\/wp\/v2\/pages\/251578\/revisions"}],"wp:attachment":[{"href":"https:\/\/zahnaerztekiel.de\/en\/wp-json\/wp\/v2\/media?parent=251578"}],"curies":[{"name":"wp","href":"https:\/\/api.w.org\/{rel}","templated":true}]}}