{"id":245774,"date":"2026-03-01T05:03:09","date_gmt":"2026-03-01T04:03:09","guid":{"rendered":"https:\/\/zahnaerztekiel.de\/?page_id=245774"},"modified":"2026-04-22T10:29:46","modified_gmt":"2026-04-22T08:29:46","slug":"zahnaerztekiel-de-termin-online-buchen","status":"publish","type":"page","link":"https:\/\/zahnaerztekiel.de\/en\/zahnaerztekiel-de-termin-online-buchen\/","title":{"rendered":"Zahnarzt Termin online buchen"},"content":{"rendered":"<div class=\"et_pb_section_0 et_pb_section et_section_regular et_block_section et_pb_section_parallax\"><span class=\"et-pb-parallax-wrapper\"><span class=\"et-pb-parallax-background et-pb-parallax-background-module--divi-section-0\" style=\"background-image:url(https:\/\/zahnaerztekiel.de\/wp-content\/uploads\/2026\/02\/Zahnaztpraxis-Kiel-Duesternbrook-Beste-scaled-1.jpg)\"><\/span><\/span>\n<div class=\"et_pb_row_0 et_pb_row et_block_row\">\n<div class=\"et_pb_column_0 et_pb_column et_pb_column_4_4 et-last-child et_block_column et_pb_css_mix_blend_mode_passthrough\">\n<div class=\"et_pb_text_0 et_pb_text et_pb_bg_layout_light et_pb_module et_block_module\"><div class=\"et_pb_text_inner\"><p>Ihre moderne Zahnarztpraxis<\/p>\n<\/div><\/div>\n\n<div class=\"et_pb_text_1 et_pb_text et_pb_bg_layout_light et_pb_module et_block_module\"><div class=\"et_pb_text_inner\"><h1>Zahnarzttermin online buchen<\/h1>\n<\/div><\/div>\n\n<div class=\"et_pb_text_2 et_pb_text et_pb_bg_layout_light et_pb_module et_block_module\"><div class=\"et_pb_text_inner\"><h2>- Online Zahnarzt Termin Kiel<\/h2>\n<\/div><\/div>\n\n<div class=\"et_pb_divider_0 et_pb_divider et_pb_space et_pb_divider_position_top et_pb_module\"><div class=\"et_pb_divider_internal\"><\/div><\/div>\n<\/div>\n<\/div>\n<\/div>\n\n<div class=\"et_pb_section_1 et_pb_section et_section_regular et_block_section\" id=\"buchung\">\n<div class=\"et_pb_row_1 et_pb_row et_block_row\">\n<div class=\"et_pb_column_1 et_pb_column et_pb_column_4_4 et-last-child et_block_column et_pb_css_mix_blend_mode_passthrough\">\n<div class=\"et_pb_text_3 et_pb_text et_pb_bg_layout_light et_animated et_pb_module et_block_module\"><div class=\"et_pb_text_inner\"><h3>Termine vereinbaren<\/h3>\n<p>We are pleased to welcome you to our practice.<\/p>\n<\/div><\/div>\n\n<div class=\"et_pb_divider_1 et_pb_divider et_pb_space et_pb_divider_position_top et_pb_module\"><div class=\"et_pb_divider_internal\"><\/div><\/div>\n<\/div>\n<\/div>\n\n<div class=\"et_pb_row_2 et_pb_row et_block_row et_animated\">\n<div class=\"et_pb_column_2 et_pb_column et_pb_column_2_3 et_block_column et_pb_css_mix_blend_mode_passthrough\">\n<div class=\"et_pb_text_4 et_pb_text et_pb_bg_layout_light et_pb_module et_block_module\"><div class=\"et_pb_text_inner\"><p>Buchen Sie jetzt Ihren Zahnarzttermin online in Kiel. Wir bieten eine einfache und bequeme M\u00f6glichkeit, Ihren n\u00e4chsten Zahnarzttermin direkt \u00fcber das Online-Buchungsformular zu vereinbaren. Als bestehender oder neuer Patient haben Sie die M\u00f6glichkeit, direkt einen Termin mit uns zu vereinbaren und erhalten zus\u00e4tzlich Informationen zu allen verf\u00fcgbaren Beratungsterminen. <\/p>\n<\/div><\/div>\n\n<div class=\"et_pb_module et_pb_button_module_wrapper et_pb_button_0_wrapper\"><a class=\"et_pb_button_0 et_pb_button et_pb_bg_layout_light et_pb_module et_block_module\" href=\"https:\/\/otv.ds4.dampsoft.de\/otv\/terminsuche?otvId=8f3b97b3-61e5-4ed2-85f3-57021f6a9cdb\" data-icon=\"\ue023\" target=\"_blank\" rel=\"noopener\">Book your dental appointment online now<\/a><\/div>\n<\/div>\n\n<div class=\"et_pb_column_3 et_pb_column et_pb_column_1_3 et-last-child et_block_column et_pb_css_mix_blend_mode_passthrough\">\n<div class=\"et_pb_image_0 et_pb_image et_animated et_pb_module et_block_module\"><span class=\"et_pb_image_wrap\"><img decoding=\"async\" src=\"https:\/\/zahnaerztekiel.de\/wp-content\/uploads\/2026\/04\/zahnarzt-kiel.png\" alt=\"Dentist Kiel\" title=\"Dentist Kiel\" width=\"1067\" height=\"1003\" srcset=\"https:\/\/zahnaerztekiel.de\/wp-content\/uploads\/2026\/04\/zahnarzt-kiel.png 1067w, https:\/\/zahnaerztekiel.de\/wp-content\/uploads\/2026\/04\/zahnarzt-kiel-980x921.png 980w, https:\/\/zahnaerztekiel.de\/wp-content\/uploads\/2026\/04\/zahnarzt-kiel-480x451.png 480w\" sizes=\"(min-width: 0px) and (max-width: 480px) 480px, (min-width: 481px) and (max-width: 980px) 980px, (min-width: 981px) 1067px, 100vw\" class=\"wp-image-252831\" \/><\/span><\/div>\n<\/div>\n<\/div>\n<\/div>\n\n<div class=\"et_pb_section_2 et_pb_section et_section_specialty et_pb_gutters3 et_block_section section_has_divider et_pb_top_divider\"><div class=\"et_pb_top_inside_divider et-no-transition\"><\/div><div class=\"et_pb_row et_block_row\">\n<div class=\"et_pb_column_4 et_pb_column et_pb_column_single et_pb_column_1_2 et_block_column et_pb_css_mix_blend_mode_passthrough\">\n\n\n\n<\/div>\n\n<div class=\"et_pb_column_5 et_pb_column et_pb_specialty_column et_pb_column_1_2 et-last-child et_flex_column et_pb_css_mix_blend_mode_passthrough\">\n<div class=\"et_pb_row_inner_0 et_pb_row_inner et_pb_gutters2 et_block_row\">\n<div class=\"et_pb_column_inner_0 et_pb_column_inner et_pb_column et_pb_column_4_4 et-last-child et_block_column et_pb_css_mix_blend_mode_passthrough\">\n<div class=\"et_pb_text_5 et_pb_text et_pb_bg_layout_light et_pb_module et_block_module\"><div class=\"et_pb_text_inner\"><h3>For bookings and inquiries<\/h3>\n<\/div><\/div>\n<\/div>\n<\/div>\n\n<div class=\"et_pb_row_inner_1 et_pb_row_inner et_pb_gutters2 et_block_row\">\n<div class=\"et_pb_column_inner_1 et_pb_column_inner et_pb_column et_pb_column_1_4 et_block_column et_pb_css_mix_blend_mode_passthrough\">\n<div class=\"et_pb_blurb_0 et_pb_blurb et_pb_bg_layout_light et_pb_blurb_position_left et_pb_module et_block_module\"><div class=\"et_pb_blurb_content\"><div class=\"et_pb_main_blurb_image\"><span class=\"et_pb_image_wrap\"><span class=\"et-pb-icon\">\ue090<\/span><\/span><\/div><div class=\"et_pb_blurb_container\"><h3 class=\"et_pb_module_header\">Telephone<\/h3><div class=\"et_pb_blurb_description\"><p><a href=\"tel:+4943155682326\">0431 5568 2326<\/a><\/p>\n<\/div><\/div><\/div><\/div>\n<\/div>\n\n<div class=\"et_pb_column_inner_2 et_pb_column_inner et_pb_column et_pb_column_1_4 et-last-child et_block_column et_pb_css_mix_blend_mode_passthrough\">\n<div class=\"et_pb_blurb_1 et_pb_blurb et_pb_bg_layout_light et_pb_blurb_position_left et_pb_module et_block_module\"><div class=\"et_pb_blurb_content\"><div class=\"et_pb_main_blurb_image\"><span class=\"et_pb_image_wrap\"><span class=\"et-pb-icon\">\ue076<\/span><\/span><\/div><div class=\"et_pb_blurb_container\"><h4 class=\"et_pb_module_header\">Email<\/h4><div class=\"et_pb_blurb_description\"><p><span style=\"font-size: 14px;\"><a href=\"mailto:info@meinwurzelwerk.de\">info@meinwurzelwerk.de<br \/><\/a><\/span><\/p>\n<\/div><\/div><\/div><\/div>\n<\/div>\n<\/div>\n\n<div class=\"et_pb_row_inner_2 et_pb_row_inner et_pb_gutters2 et_block_row\">\n<div class=\"et_pb_column_inner_3 et_pb_column_inner et_pb_column et_pb_column_4_4 et-last-child et_block_column et_pb_css_mix_blend_mode_passthrough\">\n<div class=\"et_pb_text_6 et_pb_text et_pb_bg_layout_light et_pb_module et_block_module\"><div class=\"et_pb_text_inner\"><h3>The dental practice<\/h3>\n<\/div><\/div>\n<\/div>\n<\/div>\n\n<div class=\"et_pb_row_inner_3 et_pb_row_inner et_pb_gutters2 et_block_row\">\n<div class=\"et_pb_column_inner_4 et_pb_column_inner et_pb_column et_pb_column_1_4 et_block_column et_pb_css_mix_blend_mode_passthrough\">\n<div class=\"et_pb_blurb_2 et_pb_blurb et_pb_bg_layout_light et_pb_blurb_position_left et_pb_module et_block_module\"><div class=\"et_pb_blurb_content\"><div class=\"et_pb_main_blurb_image\"><span class=\"et_pb_image_wrap\"><span class=\"et-pb-icon\">\ue074<\/span><\/span><\/div><div class=\"et_pb_blurb_container\"><h4 class=\"et_pb_module_header\">Address<\/h4><div class=\"et_pb_blurb_description\"><p><span style=\"font-size: 14px;\">Niemannsweg 46<br \/>\n24105 Kiel<\/span><\/p>\n<p><span style=\"font-size: 14px;\">Bus stop \u201eNiemannsweg\u201c<\/span><\/p>\n<\/div><\/div><\/div><\/div>\n<\/div>\n\n<div class=\"et_pb_column_inner_5 et_pb_column_inner et_pb_column et_pb_column_1_4 et-last-child et_block_column et_pb_css_mix_blend_mode_passthrough\">\n<div class=\"et_pb_blurb_3 et_pb_blurb et_pb_bg_layout_light et_pb_blurb_position_left et_pb_module et_block_module\"><div class=\"et_pb_blurb_content\"><div class=\"et_pb_main_blurb_image\"><span class=\"et_pb_image_wrap\"><span class=\"et-pb-icon\">\uf21d<\/span><\/span><\/div><div class=\"et_pb_blurb_container\"><h4 class=\"et_pb_module_header\">Directions<\/h4><div class=\"et_pb_blurb_description\"><p>Parking at the practice with an e-charging station<\/p>\n<p>Accessible<\/p>\n<p>Bike parking<\/p>\n<\/div><\/div><\/div><\/div>\n<\/div>\n<\/div>\n\n<div class=\"et_pb_row_inner_4 et_pb_row_inner et_pb_gutters2 et_block_row\">\n<div class=\"et_pb_column_inner_6 et_pb_column_inner et_pb_column et_pb_column_4_4 et-last-child et_block_column et_pb_css_mix_blend_mode_passthrough\">\n<div class=\"et_pb_text_7 et_pb_text et_pb_bg_layout_light et_pb_module et_block_module\"><div class=\"et_pb_text_inner\"><h3>Virtual tour<\/h3>\n<\/div><\/div>\n\n<div class=\"et_pb_text_8 et_pb_text et_pb_bg_layout_light et_pb_module et_block_module\"><div class=\"et_pb_text_inner\"><p>Unsere moderne Zahnarztpraxis in Kiel begr\u00fc\u00dft Sie mit barrierefreiem Zugang und kostenfreien Parkpl\u00e4tzen, inklusive einer praktischen E-Lades\u00e4ule. <\/p>\n<\/div><\/div>\n\n<div class=\"et_pb_text_9 et_pb_text et_pb_bg_layout_light et_pb_module et_block_module\"><div class=\"et_pb_text_inner\"><p><span>Erleben Sie die Praxis jetzt virtuell. Mit unserem innovativen virtuellen Rundgang k\u00f6nnen Sie bequem von zu Hause aus einen Einblick in unsere modern ausgestatteten R\u00e4umlichkeiten erhalten. <a href=\"https:\/\/www.google.com\/maps\/place\/Zahnarzt+Kiel+-+Zahnarztpraxis+Wurzelwerk+-+Dr.+David+Christofzik\/@54.3360446,10.1462073,3a,75y,200h,90t\/data=!3m8!1e1!3m6!1sAF1QipORcu0VTbJwjRjBaPdaS00nEIePUm1BtT8GpJUs!2e10!3e11!6shttps:%2F%2Flh5.googleusercontent.com%2Fp%2FAF1QipORcu0VTbJwjRjBaPdaS00nEIePUm1BtT8GpJUs%3Dw224-h298-k-no-pi-0-ya157-ro0-fo100!7i6720!8i3360!4m8!3m7!1s0x47b2578c959193d5:0xe0db61e3a5107af2!8m2!3d54.3360784!4d10.1462013!14m1!1BCgIgARICCAI!16s%2Fg%2F11ry8l4dk1\" target=\"_blank\" rel=\"noopener\">To the virtual tour &gt;<\/a><\/span><\/p>\n<\/div><\/div>\n<\/div>\n<\/div>\n<\/div>\n<\/div><\/div>\n\n<div class=\"et_pb_section_3 et_pb_section et_pb_fullwidth_section et_section_regular et_block_section\">\n<div class=\"et_pb_fullwidth_map_0 et_pb_map_container et_pb_module\"><div class=\"et_pb_map\" data-center-lat=\"0\" data-center-lng=\"0\" data-zoom=\"18\" data-mouse-wheel=\"off\" data-mobile-dragging=\"on\"><\/div>\n<div class=\"et_pb_map_pin_0 et_pb_map_pin\" data-lat=\"0\" data-lng=\"0\" data-title=\"\"><\/div>\n<\/div>\n<\/div>\n\n<div class=\"et_pb_section_4 et_pb_section et_section_regular et_block_section\">\n<div class=\"et_pb_row_3 et_pb_row et_block_row\">\n<div class=\"et_pb_column_6 et_pb_column et_pb_column_4_4 et-last-child et_block_column et_pb_css_mix_blend_mode_passthrough\">\n<div class=\"et_pb_text_10 et_pb_text et_pb_bg_layout_light et_animated et_pb_module et_block_module\"><div class=\"et_pb_text_inner\"><h2>Ihr bevorzugter Online-Termin ist nicht verf\u00fcgbar?<\/h2>\n<p>Zahnarzt Termin buchen<\/p>\n<\/div><\/div>\n\n<div class=\"et_pb_divider_2 et_pb_divider et_pb_space et_pb_divider_position_top et_pb_module\"><div class=\"et_pb_divider_internal\"><\/div><\/div>\n<\/div>\n<\/div>\n\n<div class=\"et_pb_row_4 et_pb_row et_block_row et_animated\">\n<div class=\"et_pb_column_7 et_pb_column et_pb_column_2_3 et_block_column et_pb_css_mix_blend_mode_passthrough\">\n<div class=\"et_pb_text_11 et_pb_text et_pb_bg_layout_light et_pb_module et_block_module\"><div class=\"et_pb_text_inner\"><p><span>Ist Ihr bevorzugter Online-Termin nicht verf\u00fcgbar? \u00a0Rufen Sie uns an unter 0431 5568 2326 oder nutzen Sie das Kontaktformular unten, um einen geeigneten Ersatztermin bei unserem Zahnarzt zu vereinbaren. Wir melden uns schnellstm\u00f6glich bei Ihnen.<\/span><\/p>\n<\/div><\/div>\n\n<div class=\"et_pb_module et_pb_button_module_wrapper et_pb_button_2_wrapper\"><a class=\"et_pb_button_2 et_pb_button et_pb_bg_layout_light et_pb_module et_block_module\" href=\"#online-terminanfrage\" data-icon=\"\uf0e0\" id=\"buttoncalendar-delete\">Online Terminanfrage<\/a><\/div>\n<\/div>\n\n<div class=\"et_pb_column_8 et_pb_column et_pb_column_1_3 et-last-child et_block_column et_pb_css_mix_blend_mode_passthrough\">\n<div class=\"et_pb_image_1 et_pb_image et_animated et_pb_module et_block_module\"><span class=\"et_pb_image_wrap\"><img decoding=\"async\" src=\"https:\/\/zahnaerztekiel.de\/wp-content\/uploads\/2026\/03\/Zahnarzt-Kiel-Anmeldung.jpg\" width=\"1000\" height=\"667\" srcset=\"https:\/\/zahnaerztekiel.de\/wp-content\/uploads\/2026\/03\/Zahnarzt-Kiel-Anmeldung.jpg 1000w, https:\/\/zahnaerztekiel.de\/wp-content\/uploads\/2026\/03\/Zahnarzt-Kiel-Anmeldung-980x654.jpg 980w, https:\/\/zahnaerztekiel.de\/wp-content\/uploads\/2026\/03\/Zahnarzt-Kiel-Anmeldung-480x320.jpg 480w\" sizes=\"(min-width: 0px) and (max-width: 480px) 480px, (min-width: 481px) and (max-width: 980px) 980px, (min-width: 981px) 1000px, 100vw\" class=\"wp-image-244432\" title=\"Dentist Kiel Appointment\" \/><\/span><\/div>\n<\/div>\n<\/div>\n<\/div>\n\n<div class=\"et_pb_section_5 et_pb_section et_section_regular et_block_section section_has_divider et_pb_top_divider\" id=\"online-terminanfrage\"><div class=\"et_pb_top_inside_divider et-no-transition\"><\/div>\n<div class=\"et_pb_row_5 et_pb_row et_block_row\">\n<div class=\"et_pb_column_9 et_pb_column et_pb_column_4_4 et-last-child et_block_column et_pb_css_mix_blend_mode_passthrough\">\n<div class=\"et_pb_divider_3 et_pb_divider et_pb_space et_pb_divider_position_top et_pb_module\"><div class=\"et_pb_divider_internal\"><\/div><\/div>\n\n<div class=\"et_pb_text_12 et_pb_text et_pb_bg_layout_light et_pb_module et_block_module\"><div class=\"et_pb_text_inner\"><h2>Terminanfrage<\/h2>\n<\/div><\/div>\n<\/div>\n<\/div>\n\n<div class=\"et_pb_row_6 et_pb_row et_pb_row_1-4_3-4 et_block_row et_block_row_1-4_3-4\">\n<div class=\"et_pb_column_10 et_pb_column et_pb_column_1_4 et_block_column et_pb_css_mix_blend_mode_passthrough\">\n<div class=\"et_pb_text_13 et_pb_text et_pb_bg_layout_light et_pb_module et_block_module\"><div class=\"et_pb_text_inner\"><p>Steht Ihr bevorzugter Termin online nicht zur Verf\u00fcgung? M\u00f6chten Sie weitere Informationen oder ein spezifisches Anliegen mitteilen? Kein Problem. Bitte f\u00fcllen Sie das nachfolgende Online-Formular aus, und unser engagiertes Team wird sich umgehend mit Ihnen in Verbindung setzen.<\/p>\n<\/div><\/div>\n\n<div class=\"et_pb_image_2 et_pb_image et_pb_module et_block_module\"><span class=\"et_pb_image_wrap\"><img decoding=\"async\" src=\"https:\/\/zahnaerztekiel.de\/wp-content\/uploads\/2026\/02\/Zahnaztpraxis-Kiel-Duesternbrook-Beste-scaled-1.jpg\" width=\"2560\" height=\"1708\" srcset=\"https:\/\/zahnaerztekiel.de\/wp-content\/uploads\/2026\/02\/Zahnaztpraxis-Kiel-Duesternbrook-Beste-scaled-1.jpg 2560w, https:\/\/zahnaerztekiel.de\/wp-content\/uploads\/2026\/02\/Zahnaztpraxis-Kiel-Duesternbrook-Beste-scaled-1-1280x854.jpg 1280w, https:\/\/zahnaerztekiel.de\/wp-content\/uploads\/2026\/02\/Zahnaztpraxis-Kiel-Duesternbrook-Beste-scaled-1-980x654.jpg 980w, https:\/\/zahnaerztekiel.de\/wp-content\/uploads\/2026\/02\/Zahnaztpraxis-Kiel-Duesternbrook-Beste-scaled-1-480x320.jpg 480w\" sizes=\"(min-width: 0px) and (max-width: 480px) 480px, (min-width: 481px) and (max-width: 980px) 980px, (min-width: 981px) and (max-width: 1280px) 1280px, (min-width: 1281px) 2560px, 100vw\" class=\"wp-image-40\" title=\"Zahnaztpraxis Kiel D\u00fcsternbrook Best\" alt=\"Zahnaztpraxis Kiel D\u00fcsternbrook Best\" \/><\/span><\/div>\n<\/div>\n\n<div class=\"et_pb_column_11 et_pb_column et_pb_column_3_4 et-last-child et_block_column et_pb_css_mix_blend_mode_passthrough\">\n<div class=\"et_pb_contact_form_0 et_pb_contact_form_container clearfix et_pb_module et_flex_module\" data-form_unique_num=\"0\" data-form_unique_id=\"7067d836e5cc6b8d0df5f1ee01accc26\" id=\"et_pb_contact_form_7067d836e5cc6b8d0df5f1ee01accc26\"><div class=\"et-pb-contact-message\"><\/div><div class=\"et_pb_contact\"><form class=\"et_pb_contact_form et_flex_module\" method=\"post\" action=\"https:\/\/zahnaerztekiel.de\/en\/wp-json\/wp\/v2\/pages\/245774\" data-trp-original-action=\"https:\/\/zahnaerztekiel.de\/en\/wp-json\/wp\/v2\/pages\/245774\">\n<div class=\"et_pb_contact_field_0 et_pb_contact_field et_pb_module et_flex_module et_flex_column_12_24 et_flex_column_12_24_tablet et_flex_column_12_24_phone\" data-id=\"name,_vorname\" data-type=\"input\"><label class=\"et_pb_contact_form_label\" for=\"et_pb_contact_0_name,_vorname_0\">LAST NAME, FIRST NAME<\/label><input type=\"text\" name=\"et_pb_contact_0_name,_vorname_0\" id=\"et_pb_contact_0_name,_vorname_0\" class=\"input\" data-required_mark=\"required\" data-field_type=\"input\" data-original_id=\"name,_vorname\" placeholder=\"LAST NAME, FIRST NAME\" title=\"\" value=\"\" \/><\/div>\n\n<div class=\"et_pb_contact_field_1 et_pb_contact_field et_pb_module et_flex_module et_flex_column_12_24 et_flex_column_12_24_tablet et_flex_column_12_24_phone\" data-id=\"email\" data-type=\"email\"><label class=\"et_pb_contact_form_label\" for=\"et_pb_contact_0_email_1\">EMAIL ADDRESS<\/label><input type=\"text\" name=\"et_pb_contact_0_email_1\" id=\"et_pb_contact_0_email_1\" class=\"input\" data-required_mark=\"required\" data-field_type=\"email\" data-original_id=\"email\" placeholder=\"EMAIL ADDRESS\" title=\"\" value=\"\" \/><\/div>\n\n<div class=\"et_pb_contact_field_2 et_pb_contact_field et_pb_module et_flex_module et_flex_column_24_24 et_flex_column_24_24_tablet et_flex_column_24_24_phone\" data-id=\"telefon\" data-type=\"input\"><label class=\"et_pb_contact_form_label\" for=\"et_pb_contact_0_telefon_2\">PHONE<\/label><input type=\"text\" name=\"et_pb_contact_0_telefon_2\" id=\"et_pb_contact_0_telefon_2\" class=\"input\" data-required_mark=\"required\" data-field_type=\"input\" data-original_id=\"telefon\" placeholder=\"PHONE\" title=\"\" value=\"\" \/><\/div>\n\n<div class=\"et_pb_contact_field_3 et_pb_contact_field et_pb_module et_flex_module et_flex_column_24_24 et_flex_column_24_24_tablet et_flex_column_24_24_phone\" data-id=\"details\" data-type=\"input\"><label class=\"et_pb_contact_form_label\" for=\"et_pb_contact_0_details_3\">DETAILS OF YOUR INQUIRY<\/label><input type=\"text\" name=\"et_pb_contact_0_details_3\" id=\"et_pb_contact_0_details_3\" class=\"input\" data-required_mark=\"required\" data-field_type=\"input\" data-original_id=\"details\" placeholder=\"DETAILS OF YOUR INQUIRY\" title=\"\" value=\"\" \/><\/div>\n\n<div class=\"et_pb_contact_field_4 et_pb_contact_field et_pb_module et_flex_module et_flex_column_24_24 et_flex_column_24_24_tablet et_flex_column_24_24_phone\" data-id=\"schon_einmal_da?\" data-type=\"radio\"><label class=\"et_pb_contact_form_label\">Have you been with us before?<\/label><span class=\"et_pb_contact_field_options_wrapper et_pb_field_module_radio\"><span class=\"et_pb_contact_field_options_title\">Have you been with us before?<\/span><span class=\"et_pb_contact_field_options_list\"><span class=\"et_pb_contact_field_radio\"><input type=\"radio\" name=\"et_pb_contact_0_schon_einmal_da?_4\" id=\"et_pb_contact_0_schon_einmal_da?_4_0\" class=\"input\" value=\"JA\" data-required_mark=\"required\" data-field_type=\"radio\" data-original_id=\"schon_einmal_da?\" data-id=\"-1\" \/><label for=\"et_pb_contact_0_schon_einmal_da?_4_0\"><i><\/i>YES<\/label><\/span><span class=\"et_pb_contact_field_radio\"><input type=\"radio\" name=\"et_pb_contact_0_schon_einmal_da?_4\" id=\"et_pb_contact_0_schon_einmal_da?_4_1\" class=\"input\" value=\"NEIN\" data-required_mark=\"required\" data-field_type=\"radio\" data-original_id=\"schon_einmal_da?\" data-id=\"0\" \/><label for=\"et_pb_contact_0_schon_einmal_da?_4_1\"><i><\/i>NO<\/label><\/span><\/span><\/span><\/div>\n\n<div class=\"et_pb_contact_field_5 et_pb_contact_field et_pb_module et_flex_module et_flex_column_24_24 et_flex_column_24_24_tablet et_flex_column_24_24_phone\" data-id=\"wunschzeitraum\" data-type=\"input\"><label class=\"et_pb_contact_form_label\" for=\"et_pb_contact_0_wunschzeitraum_5\">Desired timeframe or desired date<\/label><input type=\"text\" name=\"et_pb_contact_0_wunschzeitraum_5\" id=\"et_pb_contact_0_wunschzeitraum_5\" class=\"input\" data-required_mark=\"required\" data-field_type=\"input\" data-original_id=\"wunschzeitraum\" placeholder=\"Desired timeframe or desired date\" title=\"\" value=\"\" \/><\/div>\n<input type=\"hidden\" name=\"et_pb_contactform_submit_7067d836e5cc6b8d0df5f1ee01accc26\" value=\"et_contact_proccess\" \/><div class=\"et_contact_bottom_container\"><div class=\"et_pb_contact_right et_pb_contact_field\"><p class=\"clearfix\"><label><span class=\"et_pb_contact_captcha_question\">8 + 6<\/span> = <input type=\"text\" size=\"2\" class=\"input et_pb_contact_captcha\" data-first_digit=\"8\" data-second_digit=\"6\" data-required_mark=\"required\" name=\"et_pb_contact_captcha_7067d836e5cc6b8d0df5f1ee01accc26\" autocomplete=\"off\" \/><\/label><\/p><\/div><div class=\"et_pb_button_wrapper\"><button type=\"submit\" name=\"et_builder_submit_button\" class=\"et_pb_button et_pb_contact_submit\">Submit<\/button><\/div><\/div><input type=\"hidden\" id=\"_wpnonce-et-pb-contact-form-submitted-7067d836e5cc6b8d0df5f1ee01accc26\" name=\"_wpnonce-et-pb-contact-form-submitted-7067d836e5cc6b8d0df5f1ee01accc26\" value=\"c3e8adbf88\" \/><input type=\"hidden\" name=\"_wp_http_referer\" value=\"\/en\/wp-json\/wp\/v2\/pages\/245774\" \/><input type=\"hidden\" name=\"trp-form-language\" value=\"en\"\/><\/form><\/div><\/div>\n<\/div>\n<\/div>\n<\/div>\n\n<div class=\"et_pb_section_6 et_pb_section et_section_regular et_block_section\">\n<div class=\"et_pb_row_7 et_pb_row et_block_row\">\n<div class=\"et_pb_column_12 et_pb_column et_pb_column_4_4 et-last-child et_block_column et_pb_css_mix_blend_mode_passthrough\">\n<div class=\"et_pb_text_14 et_pb_text et_pb_bg_layout_light et_pb_module et_block_module et_pb_text_align_center\"><div class=\"et_pb_text_inner\"><p>Wir freuen uns darauf, Sie in unserer Praxis willkommen zu hei\u00dfen<\/p>\n<\/div><\/div>\n\n<div class=\"et_pb_text_15 et_pb_text et_pb_bg_layout_light et_pb_module et_block_module et_pb_text_align_center\"><div class=\"et_pb_text_inner\"><p><em>Mein Wurzelwerk<\/em><\/p>\n<\/div><\/div>\n<\/div>\n<\/div>\n<\/div>\n\n<div class=\"et_pb_section_7 et_pb_section et_section_regular et_block_section\"><\/div>","protected":false},"excerpt":{"rendered":"","protected":false},"author":1,"featured_media":0,"parent":0,"menu_order":0,"comment_status":"closed","ping_status":"closed","template":"","meta":{"footnotes":""},"class_list":["post-245774","page","type-page","status-publish","hentry"],"_links":{"self":[{"href":"https:\/\/zahnaerztekiel.de\/en\/wp-json\/wp\/v2\/pages\/245774","targetHints":{"allow":["GET"]}}],"collection":[{"href":"https:\/\/zahnaerztekiel.de\/en\/wp-json\/wp\/v2\/pages"}],"about":[{"href":"https:\/\/zahnaerztekiel.de\/en\/wp-json\/wp\/v2\/types\/page"}],"author":[{"embeddable":true,"href":"https:\/\/zahnaerztekiel.de\/en\/wp-json\/wp\/v2\/users\/1"}],"replies":[{"embeddable":true,"href":"https:\/\/zahnaerztekiel.de\/en\/wp-json\/wp\/v2\/comments?post=245774"}],"version-history":[{"count":0,"href":"https:\/\/zahnaerztekiel.de\/en\/wp-json\/wp\/v2\/pages\/245774\/revisions"}],"wp:attachment":[{"href":"https:\/\/zahnaerztekiel.de\/en\/wp-json\/wp\/v2\/media?parent=245774"}],"curies":[{"name":"wp","href":"https:\/\/api.w.org\/{rel}","templated":true}]}}